{"id":1885,"date":"2019-05-13T06:55:26","date_gmt":"2019-05-13T06:55:26","guid":{"rendered":"http:\/\/shiny-yacare.w6.wpsandbox.pro\/?page_id=14"},"modified":"2025-05-23T01:06:20","modified_gmt":"2025-05-22T23:06:20","slug":"events","status":"publish","type":"page","link":"https:\/\/varietas.ch\/wordpress\/events\/","title":{"rendered":"Termine"},"content":{"rendered":"\t\t<div data-elementor-type=\"wp-post\" data-elementor-id=\"1885\" class=\"elementor elementor-1885\" data-elementor-settings=\"[]\">\n\t\t\t\t\t\t\t<div class=\"elementor-section-wrap\">\n\t\t\t\t\t\t\t<section class=\"elementor-section elementor-inner-section elementor-element elementor-element-e9503bc elementor-section-boxed elementor-section-height-default elementor-section-height-default\" data-id=\"e9503bc\" data-element_type=\"section\">\n\t\t\t\t\t\t<div class=\"elementor-container elementor-column-gap-default\">\n\t\t\t\t\t<div class=\"elementor-column elementor-col-100 elementor-inner-column elementor-element elementor-element-33469f1\" data-id=\"33469f1\" data-element_type=\"column\">\n\t\t\t<div class=\"elementor-widget-wrap elementor-element-populated\">\n\t\t\t\t\t\t\t\t<div class=\"elementor-element elementor-element-98f2508 elementor-widget elementor-widget-image\" data-id=\"98f2508\" data-element_type=\"widget\" data-widget_type=\"image.default\">\n\t\t\t\t<div class=\"elementor-widget-container\">\n\t\t\t\t\t\t\t\t\t\t\t\t\t\t\t<img loading=\"lazy\" decoding=\"async\" width=\"265\" height=\"72\" src=\"https:\/\/varietas.ch\/wordpress\/wp-content\/uploads\/2019\/05\/goldcrown-1.png\" class=\"attachment-large size-large\" alt=\"\" \/>\t\t\t\t\t\t\t\t\t\t\t\t\t\t\t<\/div>\n\t\t\t\t<\/div>\n\t\t\t\t<div class=\"elementor-element elementor-element-6471db9 elementor-widget elementor-widget-heading\" data-id=\"6471db9\" data-element_type=\"widget\" data-widget_type=\"heading.default\">\n\t\t\t\t<div class=\"elementor-widget-container\">\n\t\t\t<h2 class=\"elementor-heading-title elementor-size-default\">Fr\u00fchling 2025<\/h2>\t\t<\/div>\n\t\t\t\t<\/div>\n\t\t\t\t<div class=\"elementor-element elementor-element-e57d063 elementor-widget elementor-widget-image\" data-id=\"e57d063\" data-element_type=\"widget\" data-widget_type=\"image.default\">\n\t\t\t\t<div class=\"elementor-widget-container\">\n\t\t\t\t\t\t\t\t\t\t\t\t\t\t\t<img loading=\"lazy\" decoding=\"async\" width=\"205\" height=\"38\" src=\"https:\/\/varietas.ch\/wordpress\/wp-content\/uploads\/2019\/05\/goldcrown-2.png\" class=\"attachment-large size-large\" alt=\"\" \/>\t\t\t\t\t\t\t\t\t\t\t\t\t\t\t<\/div>\n\t\t\t\t<\/div>\n\t\t\t\t\t<\/div>\n\t\t<\/div>\n\t\t\t\t\t\t\t<\/div>\n\t\t<\/section>\n\t\t\t\t<section class=\"elementor-section elementor-top-section elementor-element elementor-element-11609e5 elementor-section-boxed elementor-section-height-default elementor-section-height-default\" data-id=\"11609e5\" data-element_type=\"section\">\n\t\t\t\t\t\t<div class=\"elementor-container elementor-column-gap-default\">\n\t\t\t\t\t<div class=\"elementor-column elementor-col-100 elementor-top-column elementor-element elementor-element-74dcb1b\" data-id=\"74dcb1b\" data-element_type=\"column\">\n\t\t\t<div class=\"elementor-widget-wrap elementor-element-populated\">\n\t\t\t\t\t\t\t\t<div class=\"elementor-element elementor-element-35def8a elementor-widget elementor-widget-spacer\" data-id=\"35def8a\" data-element_type=\"widget\" data-widget_type=\"spacer.default\">\n\t\t\t\t<div class=\"elementor-widget-container\">\n\t\t\t\t\t<div class=\"elementor-spacer\">\n\t\t\t<div class=\"elementor-spacer-inner\"><\/div>\n\t\t<\/div>\n\t\t\t\t<\/div>\n\t\t\t\t<\/div>\n\t\t\t\t\t<\/div>\n\t\t<\/div>\n\t\t\t\t\t\t\t<\/div>\n\t\t<\/section>\n\t\t\t\t<section class=\"elementor-section elementor-top-section elementor-element elementor-element-f1d7c5e elementor-section-boxed elementor-section-height-default elementor-section-height-default\" data-id=\"f1d7c5e\" data-element_type=\"section\">\n\t\t\t\t\t\t<div class=\"elementor-container elementor-column-gap-default\">\n\t\t\t\t\t<div class=\"elementor-column elementor-col-100 elementor-top-column elementor-element elementor-element-84091f9\" data-id=\"84091f9\" data-element_type=\"column\">\n\t\t\t<div class=\"elementor-widget-wrap elementor-element-populated\">\n\t\t\t\t\t\t\t\t<div class=\"elementor-element elementor-element-c3ff87b elementor-widget elementor-widget-text-editor\" data-id=\"c3ff87b\" data-element_type=\"widget\" data-widget_type=\"text-editor.default\">\n\t\t\t\t<div class=\"elementor-widget-container\">\n\t\t\t\t\t\t\t<p><i>Fester<\/i><b><i> Termin:<\/i><\/b><\/p><p><b>Winter-Baumschnittkurs Jung- &amp; Ertragsb\u00e4ume<\/b><br \/>Woche 11.3.2025 &#8211;\u00a016.3.2025 10.00 &#8211; 17.00 Uhr in 8187 Weiach\/ZH, Bachserstr. 2<\/p><p>Aufbau eines Obstbaumes, Triebbildung und Schnittwirkung. Technik, Material und Hilfsmittel f\u00fcr den Baumschnitt. Theorie und Praxis an B\u00e4umen<br \/>unterschiedlichen Alters. Niederstamm &amp; Hochstamm. (\u00c4pfel, Birnen, Quitte, Kirschen, Zwetschgen &amp; Pflaumen, Pfirsiche &amp; Aprikosen)<br \/>Bei Interesse auch Diskurs und Beispiele von Veredelungen\/Umveredelungen und B\u00e4umen mit verschiedenen Sorten auf einem Stamm.<\/p><p><a href=\"https:\/\/www.instagram.com\/p\/CZ4mOIfqQio\/\" target=\"_blank\" rel=\"noopener\">Bilder dazu hier <\/a>und <a href=\"https:\/\/www.instagram.com\/p\/CbnURsyqfH3\" target=\"_blank\" rel=\"noopener\">hier unserem Instagram!<\/a><\/p><p>Preis 75Fr\/Person ohne Verpflegung.<br \/>Verpflegung auf Anfrage.<br \/>Anmeldung an: stefan@varietas.ch<\/p><p>\u00a0<\/p><p>Die <strong>Baumschnitt<\/strong>&#8211; und <strong>Pflanz<\/strong>&#8211; sowie <strong>Veredlungsworkshops<\/strong> f\u00fcr den Fr\u00fchling 2025 sind offen f\u00fcr Anmeldungen.<\/p><p>Kurs <strong>Setzlingsanzucht<\/strong>: offen<\/p><p>Kurs <strong>Pikieren<\/strong>: offen<\/p><p>Kurs <strong>Mischkulturen<\/strong>: offen<\/p><p>Kurs <strong>B\u00e4rlauch<\/strong>&#8211; und <strong>L\u00f6wenzahnkapern<\/strong>: offen<\/p><p>Kurs <strong>Obstessigherstellung<\/strong> Fr\u00fchling: offen<\/p><p>Teilnehmeranzahl: max. 12 Personen<\/p><p>Kontakt: stefan@varietas.ch<\/p>\t\t\t\t\t\t<\/div>\n\t\t\t\t<\/div>\n\t\t\t\t\t<\/div>\n\t\t<\/div>\n\t\t\t\t\t\t\t<\/div>\n\t\t<\/section>\n\t\t\t\t<section class=\"elementor-section elementor-inner-section elementor-element elementor-element-347c072 elementor-section-boxed elementor-section-height-default elementor-section-height-default\" data-id=\"347c072\" data-element_type=\"section\">\n\t\t\t\t\t\t<div class=\"elementor-container elementor-column-gap-default\">\n\t\t\t\t\t<div class=\"elementor-column elementor-col-100 elementor-inner-column elementor-element elementor-element-64656ac\" data-id=\"64656ac\" data-element_type=\"column\">\n\t\t\t<div class=\"elementor-widget-wrap elementor-element-populated\">\n\t\t\t\t\t\t\t\t<div class=\"elementor-element elementor-element-e1da2f6 elementor-widget elementor-widget-image\" data-id=\"e1da2f6\" data-element_type=\"widget\" data-widget_type=\"image.default\">\n\t\t\t\t<div class=\"elementor-widget-container\">\n\t\t\t\t\t\t\t\t\t\t\t\t\t\t\t<img loading=\"lazy\" decoding=\"async\" width=\"265\" height=\"72\" src=\"https:\/\/varietas.ch\/wordpress\/wp-content\/uploads\/2019\/05\/goldcrown-1.png\" class=\"attachment-large size-large\" alt=\"\" \/>\t\t\t\t\t\t\t\t\t\t\t\t\t\t\t<\/div>\n\t\t\t\t<\/div>\n\t\t\t\t<div class=\"elementor-element elementor-element-e8570dd elementor-widget elementor-widget-heading\" data-id=\"e8570dd\" data-element_type=\"widget\" data-widget_type=\"heading.default\">\n\t\t\t\t<div class=\"elementor-widget-container\">\n\t\t\t<h2 class=\"elementor-heading-title elementor-size-default\">Sommer 2025<\/h2>\t\t<\/div>\n\t\t\t\t<\/div>\n\t\t\t\t<div class=\"elementor-element elementor-element-9db5173 elementor-widget elementor-widget-image\" data-id=\"9db5173\" data-element_type=\"widget\" data-widget_type=\"image.default\">\n\t\t\t\t<div class=\"elementor-widget-container\">\n\t\t\t\t\t\t\t\t\t\t\t\t\t\t\t<img loading=\"lazy\" decoding=\"async\" width=\"205\" height=\"38\" src=\"https:\/\/varietas.ch\/wordpress\/wp-content\/uploads\/2019\/05\/goldcrown-2.png\" class=\"attachment-large size-large\" alt=\"\" \/>\t\t\t\t\t\t\t\t\t\t\t\t\t\t\t<\/div>\n\t\t\t\t<\/div>\n\t\t\t\t\t<\/div>\n\t\t<\/div>\n\t\t\t\t\t\t\t<\/div>\n\t\t<\/section>\n\t\t\t\t<section class=\"elementor-section elementor-top-section elementor-element elementor-element-1ebd80d elementor-section-boxed elementor-section-height-default elementor-section-height-default\" data-id=\"1ebd80d\" data-element_type=\"section\">\n\t\t\t\t\t\t<div class=\"elementor-container elementor-column-gap-default\">\n\t\t\t\t\t<div class=\"elementor-column elementor-col-100 elementor-top-column elementor-element elementor-element-b32c5cb\" data-id=\"b32c5cb\" data-element_type=\"column\">\n\t\t\t<div class=\"elementor-widget-wrap\">\n\t\t\t\t\t\t\t\t\t<\/div>\n\t\t<\/div>\n\t\t\t\t\t\t\t<\/div>\n\t\t<\/section>\n\t\t\t\t<section class=\"elementor-section elementor-top-section elementor-element elementor-element-225eb93 elementor-section-boxed elementor-section-height-default elementor-section-height-default\" data-id=\"225eb93\" data-element_type=\"section\">\n\t\t\t\t\t\t<div class=\"elementor-container elementor-column-gap-default\">\n\t\t\t\t\t<div class=\"elementor-column elementor-col-100 elementor-top-column elementor-element elementor-element-d86b2b6\" data-id=\"d86b2b6\" data-element_type=\"column\">\n\t\t\t<div class=\"elementor-widget-wrap elementor-element-populated\">\n\t\t\t\t\t\t\t\t<div class=\"elementor-element elementor-element-1701889 elementor-widget elementor-widget-text-editor\" data-id=\"1701889\" data-element_type=\"widget\" data-widget_type=\"text-editor.default\">\n\t\t\t\t<div class=\"elementor-widget-container\">\n\t\t\t\t\t\t\t<p><strong>Tage der offenen T\u00fcr:<\/strong><\/p>\n<p>Zusammen mit <a href=\"https:\/\/www.offenergarten.ch\/gaerten-finden\/alle-gaerten\/750-varietas-sortenerhaltung\">OffenerGarten<\/a><\/p>\n<p>\u2022 13.06.2025 13:00 &#8211; 17:00<br>\u2022 14.06.2025 13:00 &#8211; 17:00<br>\u2022 15.06.2025 13:00 &#8211; 17:00<\/p>\n<p>\u2022 18.07.2025 13:00 &#8211; 17:00<br>\u2022 19.07.2025 13:00 &#8211; 17:00<br>\u2022 20.07.2025 13:00 &#8211; 17:00<\/p>\n<p>\u2022 22.08.2025 13:00 &#8211; 17:00<br>\u2022 23.08.2025 13:00 &#8211; 17:00<br>\u2022 24.08.2025 13:00 &#8211; 17:00<\/p><div><br><\/div><div><br><\/div>\n\n<p>Kurs <b>Herstellung von Kapuzinerkressekapern<\/b>: Auf Anfrage (stefan@varietas.ch)<\/p>\n<p>Kurs <b>Veredeln: Rosen okulieren im Sommer<\/b>: Auf Anfrage (stefan@varietas.ch)<\/p>\n<p>Kurs <b>Sezuanpfeffer Verarbeitung<\/b>: Bei Reife im Juli; Auf Anfrage (stefan@varietas.ch)<\/p>\n<p>Hier wir die Verarbeitung von gr\u00fcnem Sezuanpfeffer und den Bl\u00e4ttern erlernt.<\/p>\n<p>Die Bl\u00e4tter werden zu <b>Kinome <\/b>verarbeitet die Fr\u00fcchte zu <b>Misansho<\/b>. Weiter wird gezeigt wie man die Fr\u00fcchte mit <b>Miso<\/b>, <b>Soja<\/b>-Sauce oder in <b>Essig <\/b>einlegt oder sie sonst <b>einsalzt<\/b>.<\/p>\n<p><a href=\"https:\/\/www.instagram.com\/p\/CuzU8YkKQSi\/\" target=\"_blank\" rel=\"noopener\">Bilder dazu hier auf unserem Instagram!<\/a><\/p>\n<p>Kurs <b>Kirschpflaumen Verarbeitung<\/b>: Bei Reife im Juli; Auf Anfrage (stefan@varietas.ch)<\/p>\n<p>Hier wir die Verarbeitung von Kirschpflaumen erlernt.<\/p>\n<p>Die meisten Leute betrachten Kirschpflaumen als nur knapp essbar da sie sehr sauer sein k\u00f6nnen. Dies macht sie aber perfekt f\u00fcr die Herstellung von <b>Tkemali<\/b>, der georgische Pflaumensauce die dort wie Ketchup gebraucht wird. Die restliche Fl\u00fcssigkeit verarbeiten wir meist zu Sirup, man kann sie aber auch wie Verjus brauchen. Ganze Fr\u00fcchte werden aber auch zu Brotaufstrich oder Gelee verarbeitet, oder man setzte sie mit Hefe an und verarbeitet das G\u00e4rgut zu Schnaps, oder in unserem Fall Essig.<\/p>\n<p><a href=\"https:\/\/www.instagram.com\/p\/CvKdxtCq19Z\" target=\"_blank\" rel=\"noopener\">Bilder dazu hier auf unserem Instagram!<\/a><\/p>\n<p>Kurs <b>Salbenherstellung<\/b>: Auf Anfrage (stefan@varietas.ch)<\/p>\n<p>Herstellen von drei verschiedenen Salben: Tageskurs<\/p>\n<p>In diesem Kurs werden Ringelblumensalbe, Spitzwegerichsalbe und Beinwellsalbe hergestellt.<\/p>\n<p>Ringelblumensalbe hilft bei entz\u00fcndeten Stellen, rissiger Haut und<br>Sch\u00fcrfungen, Spitzwegerichsalbe dient prim\u00e4r zur Juckreizmilderung und<br>Abschwellen nach Insektenstichen und Beinwellsalbe wird bei Prellungen<br>verwendet.<\/p>\n<p>Material f\u00fcr einen kleinen Tiegel jeder Salbe wird gestellt!<\/p>\n<p>100Fr pro Person \/ Erm\u00e4ssigungen auf Anfrage<\/p>\n<p>Kurs <strong>Einf\u00fchrung Pflanzenz\u00fcchtung<\/strong> (in der Permakultur)<\/p>\n<p>Selektion &amp; Saatguterhaltung<\/p>\n<p>Bei diesem Kurs handelt es sich um zwei Halbtage.<\/p>\n<p>Am ersten Halbtag erfolgt eine Einf\u00fchrung in die Selektion und Saatguterhaltung.<\/p>\n<p>Der Zweite Halbtag dient zur Beantwortung von Fragen und der Diskussion eigener Projekte.<\/p>\n<p>50Fr pro Person und halber Tag \/ Halbe Tage einzeln buchbar \/ Erm\u00e4ssigungen auf Anfrage<\/p>\n<p>Kontakt: stefan@varietas.ch<\/p>\n<p>Kurs <strong>Pflanzenz\u00fcchtung 2<\/strong><\/p>\n<p>Kreuzung bei Tomaten &amp; Kartoffeln als Beispiele sowie eigene Projekte: Tageskurs<\/p>\n<p>Dieser Kurs richtet sich an Leute die schon Erfahrung mit Sortenerhaltung, z.B ProSpecieRara oder andere stabile Sorten haben und jetzt einsteigen m\u00f6chten in eigene Projekte die hier ausgearbeitet oder auch mitgebracht werden k\u00f6nnen.<\/p>\n<p>100Fr pro Person \/ Erm\u00e4ssigungen auf Anfrage<\/p>\n<p>Kontakt: stefan@varietas.ch<\/p>\n<p>Kurs <b>Pflanzenz\u00fcchtung 3<\/b><\/p>\n<p>Weg von Einj\u00e4hrigen zu Mehrj\u00e4hrigen: Tageskurs<\/p>\n<p>Diskussion der Umstellung von Annuals, Biennials zu Perennials und folgen f\u00fcr den Anbau sowie die Z\u00fcchtungsarbeit. Was w\u00e4ren Sorten f\u00fcr einen Food-forest und \u00e4hnlich Problemstellungen. Was eignet sich zur Domestikation im Hinblick auf den Klimawandel. Themen zur Diskussion k\u00f6nnen vorangemeldet werden.<\/p>\n<p>100Fr pro Person \/ Erm\u00e4ssigungen auf Anfrage<\/p>\n<p>Kontakt: stefan@varietas.ch<\/p>\n<p><b>&nbsp;<\/b><\/p>\n<p><b>Sommer-Workshops zu resilienten \u00d6kosystemen, Wald- und Permakulturg\u00e4rten<\/b>:<\/p>\n<p>Der Kurs findet bei gutem Wetter direkt im Wald-Schaugarten statt!<\/p>\n<p>Die Elastizit\u00e4t von \u00d6kosystemen, also die Widerstandsf\u00e4higkeit oder auch Robustheit gegen\u00fcber \u00e4usseren Faktoren wird hoffentlich auch dieses Jahr wieder Thema von mindestens einem Workshop sein. Im Moment steht noch zur Diskussion ob sie als zwei eint\u00e4gige oder als Weekends gestaltet werden sollen. Ein Tag widmet sich dem theoretischen Teil. Dabei betrachten wir wieder die drei f\u00fcr uns wichtigsten Typen; Waldwirtschaft, (Bio)Landwirtschaft und G\u00e4rten. Der zweite Tag widmet sich dann wieder der Planung solcher Systeme mit Schwerpunkt auf G\u00e4rten und dem Einsatz von alten und seltenen Gem\u00fcsen und Obstsorten und der angepassten Auslese und Produktion von Saatgut.<br>Geplant ist auch wieder ein Workshop nur zu Waldg\u00e4rten in unserem entsprechenden Schaugarten, angefangen wird mit Beispielen zu Hauseinfahrten bis hin zu gr\u00f6sseren Projekten.<br>Bei allen Workshops werden wieder eigene Projekte oder Beispiele bearbeitet werden k\u00f6nnen!<\/p>\n<p><b>&nbsp;<\/b><\/p>\n<p><b>F\u00fchrungen Kartoffel &amp; Tomatenzucht<\/b><\/p>\n<p>Auf Anfrage<br>Bachserstr. 2, 8187 Weiach<br>Kontakt: stefan@varietas.ch<\/p>\n<div>&nbsp;<\/div>\n<div>&nbsp;<\/div>\n<div>&nbsp;<\/div>\n<div>&nbsp;<\/div>\t\t\t\t\t\t<\/div>\n\t\t\t\t<\/div>\n\t\t\t\t\t<\/div>\n\t\t<\/div>\n\t\t\t\t\t\t\t<\/div>\n\t\t<\/section>\n\t\t\t\t<section class=\"elementor-section elementor-inner-section elementor-element elementor-element-4a86ae8 elementor-section-boxed elementor-section-height-default elementor-section-height-default\" data-id=\"4a86ae8\" data-element_type=\"section\">\n\t\t\t\t\t\t<div class=\"elementor-container elementor-column-gap-default\">\n\t\t\t\t\t<div class=\"elementor-column elementor-col-100 elementor-inner-column elementor-element elementor-element-c26af08\" data-id=\"c26af08\" data-element_type=\"column\">\n\t\t\t<div class=\"elementor-widget-wrap elementor-element-populated\">\n\t\t\t\t\t\t\t\t<div class=\"elementor-element elementor-element-bdbca5a elementor-widget elementor-widget-image\" data-id=\"bdbca5a\" data-element_type=\"widget\" data-widget_type=\"image.default\">\n\t\t\t\t<div class=\"elementor-widget-container\">\n\t\t\t\t\t\t\t\t\t\t\t\t\t\t\t<img loading=\"lazy\" decoding=\"async\" width=\"265\" height=\"72\" src=\"https:\/\/varietas.ch\/wordpress\/wp-content\/uploads\/2019\/05\/goldcrown-1.png\" class=\"attachment-large size-large\" alt=\"\" \/>\t\t\t\t\t\t\t\t\t\t\t\t\t\t\t<\/div>\n\t\t\t\t<\/div>\n\t\t\t\t<div class=\"elementor-element elementor-element-387b0ea elementor-widget elementor-widget-heading\" data-id=\"387b0ea\" data-element_type=\"widget\" data-widget_type=\"heading.default\">\n\t\t\t\t<div class=\"elementor-widget-container\">\n\t\t\t<h2 class=\"elementor-heading-title elementor-size-default\">HerBST 2025<\/h2>\t\t<\/div>\n\t\t\t\t<\/div>\n\t\t\t\t<div class=\"elementor-element elementor-element-4787f29 elementor-widget elementor-widget-image\" data-id=\"4787f29\" data-element_type=\"widget\" data-widget_type=\"image.default\">\n\t\t\t\t<div class=\"elementor-widget-container\">\n\t\t\t\t\t\t\t\t\t\t\t\t\t\t\t<img loading=\"lazy\" decoding=\"async\" width=\"205\" height=\"38\" src=\"https:\/\/varietas.ch\/wordpress\/wp-content\/uploads\/2019\/05\/goldcrown-2.png\" class=\"attachment-large size-large\" alt=\"\" \/>\t\t\t\t\t\t\t\t\t\t\t\t\t\t\t<\/div>\n\t\t\t\t<\/div>\n\t\t\t\t\t<\/div>\n\t\t<\/div>\n\t\t\t\t\t\t\t<\/div>\n\t\t<\/section>\n\t\t\t\t<section class=\"elementor-section elementor-top-section elementor-element elementor-element-d7889bd elementor-section-boxed elementor-section-height-default elementor-section-height-default\" data-id=\"d7889bd\" data-element_type=\"section\">\n\t\t\t\t\t\t<div class=\"elementor-container elementor-column-gap-default\">\n\t\t\t\t\t<div class=\"elementor-column elementor-col-100 elementor-top-column elementor-element elementor-element-8ae39b6\" data-id=\"8ae39b6\" data-element_type=\"column\">\n\t\t\t<div class=\"elementor-widget-wrap elementor-element-populated\">\n\t\t\t\t\t\t\t\t<div class=\"elementor-element elementor-element-e304692 elementor-widget elementor-widget-text-editor\" data-id=\"e304692\" data-element_type=\"widget\" data-widget_type=\"text-editor.default\">\n\t\t\t\t<div class=\"elementor-widget-container\">\n\t\t\t\t\t\t\t<p><b>Mosten<\/b>:<\/p><p>Wer hilft beim Auflesen und Mosten bekommt Most.<br \/>Dies ist in Vorbereitung zum Kurs Essigherstellung und zeigt wie einfach Saurer-Most als Grundlage f\u00fcr Essig entsteht.<\/p><p>Kurs <b>Essigherstellung <\/b>Herbst: offen<\/p><p><b>\u00a0<\/b><\/p><p><b>Kartoffelerntewochen<\/b>:<\/p><p>Ernte von ca 1&#8217;000 alten und neuen Kartoffelsorten auf unserem Feld.<br \/>Familien und Schulklassen herzlich willkommen.<br \/>Als Lohn kann jeder Helfer eine grosse Portion Kartoffeln zum kochen oder als Saatkartoffeln mit nach Hause nehmen.<\/p><p>September bis Oktober<br \/>Bachserstr. 2, 8187 Weiach<br \/>Kontakt: stefan@varietas.ch<br \/>Tel +41 (0)44 858 14 03<\/p><p><b>\u00a0<\/b><\/p><p><b>ProSpecieRara-Reutenmarkt<\/b><\/p><p>Oktober 2025, 10:00 Uhr bis 17:00 Uhr<br \/>Heiternplatz, Zofingen<\/p>\t\t\t\t\t\t<\/div>\n\t\t\t\t<\/div>\n\t\t\t\t\t<\/div>\n\t\t<\/div>\n\t\t\t\t\t\t\t<\/div>\n\t\t<\/section>\n\t\t\t\t\t\t<\/div>\n\t\t\t\t\t<\/div>\n\t\t","protected":false},"excerpt":{"rendered":"<p>Fr\u00fchling 2025 Fester Termin: Winter-Baumschnittkurs Jung- &amp; Ertragsb\u00e4umeWoche 11.3.2025 &#8211;\u00a016.3.2025 10.00 &#8211; 17.00 Uhr in 8187 Weiach\/ZH, Bachserstr. 2 Aufbau eines Obstbaumes, Triebbildung und Schnittwirkung. Technik, Material und Hilfsmittel f\u00fcr den Baumschnitt. Theorie und Praxis an B\u00e4umenunterschiedlichen Alters. Niederstamm &amp; Hochstamm. (\u00c4pfel, Birnen, Quitte, Kirschen, Zwetschgen &amp; Pflaumen, Pfirsiche &amp; Aprikosen)Bei Interesse auch Diskurs und [&hellip;]<\/p>\n","protected":false},"author":1,"featured_media":0,"parent":0,"menu_order":0,"comment_status":"closed","ping_status":"closed","template":"","meta":{"footnotes":""},"class_list":["post-1885","page","type-page","status-publish","hentry"],"_links":{"self":[{"href":"https:\/\/varietas.ch\/wordpress\/wp-json\/wp\/v2\/pages\/1885","targetHints":{"allow":["GET"]}}],"collection":[{"href":"https:\/\/varietas.ch\/wordpress\/wp-json\/wp\/v2\/pages"}],"about":[{"href":"https:\/\/varietas.ch\/wordpress\/wp-json\/wp\/v2\/types\/page"}],"author":[{"embeddable":true,"href":"https:\/\/varietas.ch\/wordpress\/wp-json\/wp\/v2\/users\/1"}],"replies":[{"embeddable":true,"href":"https:\/\/varietas.ch\/wordpress\/wp-json\/wp\/v2\/comments?post=1885"}],"version-history":[{"count":10,"href":"https:\/\/varietas.ch\/wordpress\/wp-json\/wp\/v2\/pages\/1885\/revisions"}],"predecessor-version":[{"id":3404,"href":"https:\/\/varietas.ch\/wordpress\/wp-json\/wp\/v2\/pages\/1885\/revisions\/3404"}],"wp:attachment":[{"href":"https:\/\/varietas.ch\/wordpress\/wp-json\/wp\/v2\/media?parent=1885"}],"curies":[{"name":"wp","href":"https:\/\/api.w.org\/{rel}","templated":true}]}}