{"id":1956,"date":"2021-11-09T19:59:24","date_gmt":"2021-11-09T18:59:24","guid":{"rendered":"http:\/\/varietas.ch\/wordpress\/?page_id=1956"},"modified":"2021-12-12T22:16:19","modified_gmt":"2021-12-12T21:16:19","slug":"termine","status":"publish","type":"page","link":"https:\/\/varietas.ch\/wordpress\/termine\/","title":{"rendered":"Permakultur"},"content":{"rendered":"\t\t<div data-elementor-type=\"wp-post\" data-elementor-id=\"1956\" class=\"elementor elementor-1956\" data-elementor-settings=\"[]\">\n\t\t\t\t\t\t\t<div class=\"elementor-section-wrap\">\n\t\t\t\t\t\t\t<section class=\"elementor-section elementor-inner-section elementor-element elementor-element-e9503bc elementor-section-boxed elementor-section-height-default elementor-section-height-default\" data-id=\"e9503bc\" data-element_type=\"section\">\n\t\t\t\t\t\t<div class=\"elementor-container elementor-column-gap-default\">\n\t\t\t\t\t<div class=\"elementor-column elementor-col-100 elementor-inner-column elementor-element elementor-element-33469f1\" data-id=\"33469f1\" data-element_type=\"column\">\n\t\t\t<div class=\"elementor-widget-wrap elementor-element-populated\">\n\t\t\t\t\t\t\t\t<div class=\"elementor-element elementor-element-98f2508 elementor-widget elementor-widget-image\" data-id=\"98f2508\" data-element_type=\"widget\" data-widget_type=\"image.default\">\n\t\t\t\t<div class=\"elementor-widget-container\">\n\t\t\t\t\t\t\t\t\t\t\t\t\t\t\t<img loading=\"lazy\" decoding=\"async\" width=\"265\" height=\"72\" src=\"https:\/\/varietas.ch\/wordpress\/wp-content\/uploads\/2019\/05\/goldcrown-1.png\" class=\"attachment-large size-large\" alt=\"\" \/>\t\t\t\t\t\t\t\t\t\t\t\t\t\t\t<\/div>\n\t\t\t\t<\/div>\n\t\t\t\t<div class=\"elementor-element elementor-element-6471db9 elementor-widget elementor-widget-heading\" data-id=\"6471db9\" data-element_type=\"widget\" data-widget_type=\"heading.default\">\n\t\t\t\t<div class=\"elementor-widget-container\">\n\t\t\t<h2 class=\"elementor-heading-title elementor-size-default\">Permakultur<\/h2>\t\t<\/div>\n\t\t\t\t<\/div>\n\t\t\t\t<div class=\"elementor-element elementor-element-e57d063 elementor-widget elementor-widget-image\" data-id=\"e57d063\" data-element_type=\"widget\" data-widget_type=\"image.default\">\n\t\t\t\t<div class=\"elementor-widget-container\">\n\t\t\t\t\t\t\t\t\t\t\t\t\t\t\t<img loading=\"lazy\" decoding=\"async\" width=\"205\" height=\"38\" src=\"https:\/\/varietas.ch\/wordpress\/wp-content\/uploads\/2019\/05\/goldcrown-2.png\" class=\"attachment-large size-large\" alt=\"\" \/>\t\t\t\t\t\t\t\t\t\t\t\t\t\t\t<\/div>\n\t\t\t\t<\/div>\n\t\t\t\t\t<\/div>\n\t\t<\/div>\n\t\t\t\t\t\t\t<\/div>\n\t\t<\/section>\n\t\t\t\t<section class=\"elementor-section elementor-top-section elementor-element elementor-element-11609e5 elementor-section-boxed elementor-section-height-default elementor-section-height-default\" data-id=\"11609e5\" data-element_type=\"section\">\n\t\t\t\t\t\t<div class=\"elementor-container elementor-column-gap-default\">\n\t\t\t\t\t<div class=\"elementor-column elementor-col-100 elementor-top-column elementor-element elementor-element-74dcb1b\" data-id=\"74dcb1b\" data-element_type=\"column\">\n\t\t\t<div class=\"elementor-widget-wrap elementor-element-populated\">\n\t\t\t\t\t\t\t\t<div class=\"elementor-element elementor-element-35def8a elementor-widget elementor-widget-spacer\" data-id=\"35def8a\" data-element_type=\"widget\" data-widget_type=\"spacer.default\">\n\t\t\t\t<div class=\"elementor-widget-container\">\n\t\t\t\t\t<div class=\"elementor-spacer\">\n\t\t\t<div class=\"elementor-spacer-inner\"><\/div>\n\t\t<\/div>\n\t\t\t\t<\/div>\n\t\t\t\t<\/div>\n\t\t\t\t\t<\/div>\n\t\t<\/div>\n\t\t\t\t\t\t\t<\/div>\n\t\t<\/section>\n\t\t\t\t<section class=\"elementor-section elementor-top-section elementor-element elementor-element-f1d7c5e elementor-section-boxed elementor-section-height-default elementor-section-height-default\" data-id=\"f1d7c5e\" data-element_type=\"section\">\n\t\t\t\t\t\t<div class=\"elementor-container elementor-column-gap-default\">\n\t\t\t\t\t<div class=\"elementor-column elementor-col-100 elementor-top-column elementor-element elementor-element-84091f9\" data-id=\"84091f9\" data-element_type=\"column\">\n\t\t\t<div class=\"elementor-widget-wrap elementor-element-populated\">\n\t\t\t\t\t\t\t\t<div class=\"elementor-element elementor-element-c3ff87b elementor-widget elementor-widget-text-editor\" data-id=\"c3ff87b\" data-element_type=\"widget\" data-widget_type=\"text-editor.default\">\n\t\t\t\t<div class=\"elementor-widget-container\">\n\t\t\t\t\t\t\t<p>Der Gr\u00fcnder von Varietas ist seit gut 30 Jahren angefressener \u201cPermaculturist\u201d, seit er seine ersten B\u00fccher von Bill Mollision und David Holmgren aus der Bibliothek gelesen hat.<br \/>1996 besuchte er dann Neuseeland, wo er sich die dortigen fortgeschrittenen Projekte anschaute und das seither auf seine Arbeit in der Schweiz versucht zu \u00fcbertragen.<br \/>Seine Experimente mit &#8222;No-dig&#8220; starteten vor ca. 15 Jahren aus der Mulch-tradition und dem Problem nicht gen\u00fcgend Zeit zum J\u00e4ten zu haben. Er hat gute Erfolge damit bei einj\u00e4hrigen Kulturen und Marketgardening Strategien aber zwei und mehrj\u00e4hrige Kulturen wie Spargeln bereiten im immer noch M\u00fche, wie er offen zugibt.<br \/>Etwa zur gleichen Zeit startete er seine ersten Experimente was Waldg\u00e4rten betrifft und sein Schaugarten dazu steht jedem zur Besichtigung offen (Solange ihm nicht das Gem\u00fcse geklaut wird, wie er sagt.)<br \/>Er ist gleichzeitig ein Vertreter der wenigen Permakultur-Pflanzenz\u00fcchter, wo er sich f\u00fcr Waldg\u00e4rten mit Pfirsichen und Aprikosen sowie Sezuan-Pfeffer befasst und auch an marginalisierten Feldfr\u00fcchten wie der Kerbelr\u00fcbe, einem Wurzelgem\u00fcse, arbeitet. Sein spezielles Augenmerk gilt auch den sogenannten &#8222;crop wild relatives&#8220; und der Z\u00fcchtung auf Resilienz im Klimabereich sowie Mehrnutzungspflanzen wie Speisedahlien die man wie Yacon oder Topinambur isst, die aber auch zierend sind was die Bl\u00fctenbetrifft und dazu\u00a0 auch noch als Biennenweide dienen. Einige dieser Dahliensorten findet man auch hier im Onlineshop.<\/p><p><em><a href=\"https:\/\/youtu.be\/pqmBsUHSkBg\" target=\"_blank\" rel=\"noopener\">Zu crop wild relatives(CWR) hier ein erstes Video des KEW-Garden.<\/a><\/em><\/p><p><em><a href=\"https:\/\/youtu.be\/dMuo_4zYeJU\" target=\"_blank\" rel=\"noopener\">Und ein zweites Video auch wieder vom KEW-Garden.<\/a><\/em><\/p><p>\u00a0<\/p>\t\t\t\t\t\t<\/div>\n\t\t\t\t<\/div>\n\t\t\t\t\t<\/div>\n\t\t<\/div>\n\t\t\t\t\t\t\t<\/div>\n\t\t<\/section>\n\t\t\t\t\t\t<\/div>\n\t\t\t\t\t<\/div>\n\t\t","protected":false},"excerpt":{"rendered":"<p>Permakultur Der Gr\u00fcnder von Varietas ist seit gut 30 Jahren angefressener \u201cPermaculturist\u201d, seit er seine ersten B\u00fccher von Bill Mollision und David Holmgren aus der Bibliothek gelesen hat.1996 besuchte er dann Neuseeland, wo er sich die dortigen fortgeschrittenen Projekte anschaute und das seither auf seine Arbeit in der Schweiz versucht zu \u00fcbertragen.Seine Experimente mit &#8222;No-dig&#8220; [&hellip;]<\/p>\n","protected":false},"author":1,"featured_media":0,"parent":0,"menu_order":0,"comment_status":"closed","ping_status":"closed","template":"page-templates\/pagebuilder.php","meta":{"footnotes":""},"class_list":["post-1956","page","type-page","status-publish","hentry"],"_links":{"self":[{"href":"https:\/\/varietas.ch\/wordpress\/wp-json\/wp\/v2\/pages\/1956","targetHints":{"allow":["GET"]}}],"collection":[{"href":"https:\/\/varietas.ch\/wordpress\/wp-json\/wp\/v2\/pages"}],"about":[{"href":"https:\/\/varietas.ch\/wordpress\/wp-json\/wp\/v2\/types\/page"}],"author":[{"embeddable":true,"href":"https:\/\/varietas.ch\/wordpress\/wp-json\/wp\/v2\/users\/1"}],"replies":[{"embeddable":true,"href":"https:\/\/varietas.ch\/wordpress\/wp-json\/wp\/v2\/comments?post=1956"}],"version-history":[{"count":10,"href":"https:\/\/varietas.ch\/wordpress\/wp-json\/wp\/v2\/pages\/1956\/revisions"}],"predecessor-version":[{"id":2826,"href":"https:\/\/varietas.ch\/wordpress\/wp-json\/wp\/v2\/pages\/1956\/revisions\/2826"}],"wp:attachment":[{"href":"https:\/\/varietas.ch\/wordpress\/wp-json\/wp\/v2\/media?parent=1956"}],"curies":[{"name":"wp","href":"https:\/\/api.w.org\/{rel}","templated":true}]}}