{"id":1965,"date":"2021-11-09T20:03:58","date_gmt":"2021-11-09T19:03:58","guid":{"rendered":"http:\/\/varietas.ch\/wordpress\/?page_id=1965"},"modified":"2021-12-04T09:14:00","modified_gmt":"2021-12-04T08:14:00","slug":"kartoffelprogramm","status":"publish","type":"page","link":"https:\/\/varietas.ch\/wordpress\/kartoffelprogramm\/","title":{"rendered":"Kartoffelz\u00fcchtung"},"content":{"rendered":"\t\t<div data-elementor-type=\"wp-post\" data-elementor-id=\"1965\" class=\"elementor elementor-1965\" data-elementor-settings=\"[]\">\n\t\t\t\t\t\t\t<div class=\"elementor-section-wrap\">\n\t\t\t\t\t\t\t<section class=\"elementor-section elementor-inner-section elementor-element elementor-element-e9503bc elementor-section-boxed elementor-section-height-default elementor-section-height-default\" data-id=\"e9503bc\" data-element_type=\"section\">\n\t\t\t\t\t\t<div class=\"elementor-container elementor-column-gap-default\">\n\t\t\t\t\t<div class=\"elementor-column elementor-col-100 elementor-inner-column elementor-element elementor-element-33469f1\" data-id=\"33469f1\" data-element_type=\"column\">\n\t\t\t<div class=\"elementor-widget-wrap elementor-element-populated\">\n\t\t\t\t\t\t\t\t<div class=\"elementor-element elementor-element-98f2508 elementor-widget elementor-widget-image\" data-id=\"98f2508\" data-element_type=\"widget\" data-widget_type=\"image.default\">\n\t\t\t\t<div class=\"elementor-widget-container\">\n\t\t\t\t\t\t\t\t\t\t\t\t\t\t\t<img loading=\"lazy\" decoding=\"async\" width=\"265\" height=\"72\" src=\"https:\/\/varietas.ch\/wordpress\/wp-content\/uploads\/2019\/05\/goldcrown-1.png\" class=\"attachment-large size-large\" alt=\"\" \/>\t\t\t\t\t\t\t\t\t\t\t\t\t\t\t<\/div>\n\t\t\t\t<\/div>\n\t\t\t\t<div class=\"elementor-element elementor-element-6471db9 elementor-widget elementor-widget-heading\" data-id=\"6471db9\" data-element_type=\"widget\" data-widget_type=\"heading.default\">\n\t\t\t\t<div class=\"elementor-widget-container\">\n\t\t\t<h2 class=\"elementor-heading-title elementor-size-default\">Hofsortenprogramm<\/h2>\t\t<\/div>\n\t\t\t\t<\/div>\n\t\t\t\t<div class=\"elementor-element elementor-element-e57d063 elementor-widget elementor-widget-image\" data-id=\"e57d063\" data-element_type=\"widget\" data-widget_type=\"image.default\">\n\t\t\t\t<div class=\"elementor-widget-container\">\n\t\t\t\t\t\t\t\t\t\t\t\t\t\t\t<img loading=\"lazy\" decoding=\"async\" width=\"205\" height=\"38\" src=\"https:\/\/varietas.ch\/wordpress\/wp-content\/uploads\/2019\/05\/goldcrown-2.png\" class=\"attachment-large size-large\" alt=\"\" \/>\t\t\t\t\t\t\t\t\t\t\t\t\t\t\t<\/div>\n\t\t\t\t<\/div>\n\t\t\t\t\t<\/div>\n\t\t<\/div>\n\t\t\t\t\t\t\t<\/div>\n\t\t<\/section>\n\t\t\t\t<section class=\"elementor-section elementor-top-section elementor-element elementor-element-11609e5 elementor-section-boxed elementor-section-height-default elementor-section-height-default\" data-id=\"11609e5\" data-element_type=\"section\">\n\t\t\t\t\t\t<div class=\"elementor-container elementor-column-gap-default\">\n\t\t\t\t\t<div class=\"elementor-column elementor-col-100 elementor-top-column elementor-element elementor-element-74dcb1b\" data-id=\"74dcb1b\" data-element_type=\"column\">\n\t\t\t<div class=\"elementor-widget-wrap elementor-element-populated\">\n\t\t\t\t\t\t\t\t<div class=\"elementor-element elementor-element-35def8a elementor-widget elementor-widget-spacer\" data-id=\"35def8a\" data-element_type=\"widget\" data-widget_type=\"spacer.default\">\n\t\t\t\t<div class=\"elementor-widget-container\">\n\t\t\t\t\t<div class=\"elementor-spacer\">\n\t\t\t<div class=\"elementor-spacer-inner\"><\/div>\n\t\t<\/div>\n\t\t\t\t<\/div>\n\t\t\t\t<\/div>\n\t\t\t\t\t<\/div>\n\t\t<\/div>\n\t\t\t\t\t\t\t<\/div>\n\t\t<\/section>\n\t\t\t\t<section class=\"elementor-section elementor-top-section elementor-element elementor-element-f1d7c5e elementor-section-boxed elementor-section-height-default elementor-section-height-default\" data-id=\"f1d7c5e\" data-element_type=\"section\">\n\t\t\t\t\t\t<div class=\"elementor-container elementor-column-gap-default\">\n\t\t\t\t\t<div class=\"elementor-column elementor-col-100 elementor-top-column elementor-element elementor-element-84091f9\" data-id=\"84091f9\" data-element_type=\"column\">\n\t\t\t<div class=\"elementor-widget-wrap elementor-element-populated\">\n\t\t\t\t\t\t\t\t<div class=\"elementor-element elementor-element-c3ff87b elementor-widget elementor-widget-text-editor\" data-id=\"c3ff87b\" data-element_type=\"widget\" data-widget_type=\"text-editor.default\">\n\t\t\t\t<div class=\"elementor-widget-container\">\n\t\t\t\t\t\t\t<h2>Hofsorten f\u00fcr spezial und direkt Vermarktung!<\/h2><div>Neben der klassischen Z\u00fcchtung f\u00fcr die Zulassung als europ\u00e4isch angebaute Kartoffelsorte, f\u00fchren wir auch ein spezielles Dienstleistungsprogramm zur Steigerung der Sortenvielfalt bei Kartoffel durch.<\/div><div>\u00a0<\/div><p>Unser Hofsortenprogramm erm\u00f6glicht es Landwirten eine neue Sorte exklusiv anzubauen und als Spezialit\u00e4t zu vermarkten.<\/p><p>Da wir wissen, wie schwierig der Markt heute ist, rechnen wir nicht mit Pauschalen, die sich Kleine nicht leisten k\u00f6nnen, sondern mit Gewinn-Anteilen die erst nach der Anbausaison und dem Verkauf f\u00e4llig werden.<\/p><p>Wir bieten Z\u00fcchtung als landwirte-orientierte Dienstleistung an, ganz im Sinne partizipativer Pflanzenz\u00fcchtung. Sie erhalten von uns einen Grundstock der bei uns f\u00fcr Sie nach Ihren W\u00fcnschen gez\u00fcchteten Sorte oder Sorten sowie Beratung \u00fcber deren Erhalt und eventuelle Invitro-Vermehrung und sind von da an selbst verantwortlich f\u00fcr die Nachzucht von Pflanzkartoffeln.<\/p><p>Die Namensgebung der Sorte\/n geschieht durch den Kunden und kann frei gew\u00e4hlt werden. Da sich nicht jede Sorte genau gleich gut f\u00fcr die verschiedenen Standorte eignet, empfehlen wir unseren Kunden erst mehrere Sorten mit den gew\u00fcnschten Eigenschaften zu w\u00e4hlen und anschliessend die am Standort Produktivste zu behalten. Dies f\u00fchrt bei unseren Kunden zu keinen Mehrkosten.<\/p><p><em><a href=\"http:\/\/varietas.ch\/work\/docs\/VerkaufKunden.pdf\" target=\"_blank\" rel=\"noopener\">Hier eine kleine \u00dcbersicht an was wir gerade arbeiten.<\/a><br \/><\/em><\/p><p>Besuchen Sie uns, unsere Treibh\u00e4user und Felder und machen Sie sich einen eigenen Eindruck \u00fcber unsere Arbeit. Hier als Beispiel ein kleiner Einblick wie Hitzetoleranztests im Herbst beerntet werden:<\/p><p>\u00a0<\/p>\t\t\t\t\t\t<\/div>\n\t\t\t\t<\/div>\n\t\t\t\t\t<\/div>\n\t\t<\/div>\n\t\t\t\t\t\t\t<\/div>\n\t\t<\/section>\n\t\t\t\t<section class=\"elementor-section elementor-top-section elementor-element elementor-element-632371c elementor-section-boxed elementor-section-height-default elementor-section-height-default\" data-id=\"632371c\" data-element_type=\"section\">\n\t\t\t\t\t\t<div class=\"elementor-container elementor-column-gap-default\">\n\t\t\t\t\t<div class=\"elementor-column elementor-col-100 elementor-top-column elementor-element elementor-element-1bcbe61\" data-id=\"1bcbe61\" data-element_type=\"column\">\n\t\t\t<div class=\"elementor-widget-wrap elementor-element-populated\">\n\t\t\t\t\t\t\t\t<section class=\"elementor-section elementor-inner-section elementor-element elementor-element-0c88e7f elementor-section-boxed elementor-section-height-default elementor-section-height-default\" data-id=\"0c88e7f\" data-element_type=\"section\">\n\t\t\t\t\t\t<div class=\"elementor-container elementor-column-gap-default\">\n\t\t\t\t\t<div class=\"elementor-column elementor-col-50 elementor-inner-column elementor-element elementor-element-fa74732\" data-id=\"fa74732\" data-element_type=\"column\">\n\t\t\t<div class=\"elementor-widget-wrap elementor-element-populated\">\n\t\t\t\t\t\t\t\t<div class=\"elementor-element elementor-element-36b569a elementor-widget elementor-widget-image\" data-id=\"36b569a\" data-element_type=\"widget\" data-widget_type=\"image.default\">\n\t\t\t\t<div class=\"elementor-widget-container\">\n\t\t\t\t\t\t\t\t\t\t\t\t\t\t\t<img decoding=\"async\" src=\"https:\/\/varietas.ch\/wordpress\/wp-content\/uploads\/2021\/12\/IMG_20201114_153106-scaled.jpg\" title=\"Hitzetoleranztest\" alt=\"Hitzetoleranztest\" \/>\t\t\t\t\t\t\t\t\t\t\t\t\t\t\t<\/div>\n\t\t\t\t<\/div>\n\t\t\t\t\t<\/div>\n\t\t<\/div>\n\t\t\t\t<div class=\"elementor-column elementor-col-50 elementor-inner-column elementor-element elementor-element-f092212\" data-id=\"f092212\" data-element_type=\"column\">\n\t\t\t<div class=\"elementor-widget-wrap elementor-element-populated\">\n\t\t\t\t\t\t\t\t<div class=\"elementor-element elementor-element-4c632a7 elementor-widget elementor-widget-image\" data-id=\"4c632a7\" data-element_type=\"widget\" data-widget_type=\"image.default\">\n\t\t\t\t<div class=\"elementor-widget-container\">\n\t\t\t\t\t\t\t\t\t\t\t\t\t\t\t<img decoding=\"async\" src=\"https:\/\/varietas.ch\/wordpress\/wp-content\/uploads\/2021\/12\/IMG_20201114_153113-scaled.jpg\" title=\"Topfernte\" alt=\"Topfernte\" \/>\t\t\t\t\t\t\t\t\t\t\t\t\t\t\t<\/div>\n\t\t\t\t<\/div>\n\t\t\t\t\t<\/div>\n\t\t<\/div>\n\t\t\t\t\t\t\t<\/div>\n\t\t<\/section>\n\t\t\t\t\t<\/div>\n\t\t<\/div>\n\t\t\t\t\t\t\t<\/div>\n\t\t<\/section>\n\t\t\t\t<section class=\"elementor-section elementor-top-section elementor-element elementor-element-fc32ffd elementor-section-boxed elementor-section-height-default elementor-section-height-default\" data-id=\"fc32ffd\" data-element_type=\"section\" data-settings=\"{&quot;background_background&quot;:&quot;classic&quot;}\">\n\t\t\t\t\t\t<div class=\"elementor-container elementor-column-gap-default\">\n\t\t\t\t\t<div class=\"elementor-column elementor-col-100 elementor-top-column elementor-element elementor-element-d2ee537\" data-id=\"d2ee537\" data-element_type=\"column\">\n\t\t\t<div class=\"elementor-widget-wrap\">\n\t\t\t\t\t\t\t\t\t<\/div>\n\t\t<\/div>\n\t\t\t\t\t\t\t<\/div>\n\t\t<\/section>\n\t\t\t\t\t\t<\/div>\n\t\t\t\t\t<\/div>\n\t\t","protected":false},"excerpt":{"rendered":"<p>Hofsortenprogramm Hofsorten f\u00fcr spezial und direkt Vermarktung! Neben der klassischen Z\u00fcchtung f\u00fcr die Zulassung als europ\u00e4isch angebaute Kartoffelsorte, f\u00fchren wir auch ein spezielles Dienstleistungsprogramm zur Steigerung der Sortenvielfalt bei Kartoffel durch.\u00a0 Unser Hofsortenprogramm erm\u00f6glicht es Landwirten eine neue Sorte exklusiv anzubauen und als Spezialit\u00e4t zu vermarkten. Da wir wissen, wie schwierig der Markt heute ist, [&hellip;]<\/p>\n","protected":false},"author":1,"featured_media":0,"parent":0,"menu_order":0,"comment_status":"closed","ping_status":"closed","template":"page-templates\/pagebuilder.php","meta":{"footnotes":""},"class_list":["post-1965","page","type-page","status-publish","hentry"],"_links":{"self":[{"href":"https:\/\/varietas.ch\/wordpress\/wp-json\/wp\/v2\/pages\/1965","targetHints":{"allow":["GET"]}}],"collection":[{"href":"https:\/\/varietas.ch\/wordpress\/wp-json\/wp\/v2\/pages"}],"about":[{"href":"https:\/\/varietas.ch\/wordpress\/wp-json\/wp\/v2\/types\/page"}],"author":[{"embeddable":true,"href":"https:\/\/varietas.ch\/wordpress\/wp-json\/wp\/v2\/users\/1"}],"replies":[{"embeddable":true,"href":"https:\/\/varietas.ch\/wordpress\/wp-json\/wp\/v2\/comments?post=1965"}],"version-history":[{"count":10,"href":"https:\/\/varietas.ch\/wordpress\/wp-json\/wp\/v2\/pages\/1965\/revisions"}],"predecessor-version":[{"id":2806,"href":"https:\/\/varietas.ch\/wordpress\/wp-json\/wp\/v2\/pages\/1965\/revisions\/2806"}],"wp:attachment":[{"href":"https:\/\/varietas.ch\/wordpress\/wp-json\/wp\/v2\/media?parent=1965"}],"curies":[{"name":"wp","href":"https:\/\/api.w.org\/{rel}","templated":true}]}}