{"id":2199,"date":"2021-11-15T18:41:28","date_gmt":"2021-11-15T17:41:28","guid":{"rendered":"http:\/\/varietas.ch\/wordpress\/?page_id=2199"},"modified":"2021-11-22T02:31:11","modified_gmt":"2021-11-22T01:31:11","slug":"zuechtung","status":"publish","type":"page","link":"https:\/\/varietas.ch\/wordpress\/zuechtung\/","title":{"rendered":"Z\u00dcCHTUNG"},"content":{"rendered":"\t\t<div data-elementor-type=\"wp-page\" data-elementor-id=\"2199\" class=\"elementor elementor-2199\" data-elementor-settings=\"[]\">\n\t\t\t\t\t\t\t<div class=\"elementor-section-wrap\">\n\t\t\t\t\t\t\t<section class=\"elementor-section elementor-top-section elementor-element elementor-element-04335ff elementor-section-boxed elementor-section-height-default elementor-section-height-default\" data-id=\"04335ff\" data-element_type=\"section\">\n\t\t\t\t\t\t<div class=\"elementor-container elementor-column-gap-default\">\n\t\t\t\t\t<div class=\"elementor-column elementor-col-100 elementor-top-column elementor-element elementor-element-8eac87d\" data-id=\"8eac87d\" data-element_type=\"column\">\n\t\t\t<div class=\"elementor-widget-wrap elementor-element-populated\">\n\t\t\t\t\t\t\t\t<section class=\"elementor-section elementor-inner-section elementor-element elementor-element-05de3d5 elementor-section-boxed elementor-section-height-default elementor-section-height-default\" data-id=\"05de3d5\" data-element_type=\"section\">\n\t\t\t\t\t\t<div class=\"elementor-container elementor-column-gap-default\">\n\t\t\t\t\t<div class=\"elementor-column elementor-col-100 elementor-inner-column elementor-element elementor-element-f2461cf\" data-id=\"f2461cf\" data-element_type=\"column\">\n\t\t\t<div class=\"elementor-widget-wrap elementor-element-populated\">\n\t\t\t\t\t\t\t\t<div class=\"elementor-element elementor-element-93b8837 elementor-widget elementor-widget-image\" data-id=\"93b8837\" data-element_type=\"widget\" data-widget_type=\"image.default\">\n\t\t\t\t<div class=\"elementor-widget-container\">\n\t\t\t\t\t\t\t\t\t\t\t\t\t\t\t<img loading=\"lazy\" decoding=\"async\" width=\"265\" height=\"72\" src=\"https:\/\/varietas.ch\/wordpress\/wp-content\/uploads\/2019\/05\/goldcrown-1.png\" class=\"attachment-large size-large\" alt=\"\" \/>\t\t\t\t\t\t\t\t\t\t\t\t\t\t\t<\/div>\n\t\t\t\t<\/div>\n\t\t\t\t<div class=\"elementor-element elementor-element-58b3ab4 elementor-widget elementor-widget-heading\" data-id=\"58b3ab4\" data-element_type=\"widget\" data-widget_type=\"heading.default\">\n\t\t\t\t<div class=\"elementor-widget-container\">\n\t\t\t<h2 class=\"elementor-heading-title elementor-size-default\"><div><main><div><div><div><article><div><div data-elementor-type=\"wp-page\" data-elementor-id=\"2199\" data-elementor-settings=\"[]\"><div><section data-id=\"8e41e32\" data-element_type=\"section\"><div><div data-id=\"e153879\" data-element_type=\"column\"><div><div data-id=\"fc75ede\" data-element_type=\"widget\" data-widget_type=\"text-editor.default\"><div><div>Varietas ist ein Dienstleister<\/div><\/div><\/div><\/div><\/div><\/div><\/section><\/div><\/div><\/div><\/article><\/div><\/div><\/div><\/main><\/div><\/h2>\t\t<\/div>\n\t\t\t\t<\/div>\n\t\t\t\t<div class=\"elementor-element elementor-element-84cefc2 elementor-widget elementor-widget-image\" data-id=\"84cefc2\" data-element_type=\"widget\" data-widget_type=\"image.default\">\n\t\t\t\t<div class=\"elementor-widget-container\">\n\t\t\t\t\t\t\t\t\t\t\t\t\t\t\t<img loading=\"lazy\" decoding=\"async\" width=\"205\" height=\"38\" src=\"https:\/\/varietas.ch\/wordpress\/wp-content\/uploads\/2019\/05\/goldcrown-2.png\" class=\"attachment-large size-large\" alt=\"\" \/>\t\t\t\t\t\t\t\t\t\t\t\t\t\t\t<\/div>\n\t\t\t\t<\/div>\n\t\t\t\t\t<\/div>\n\t\t<\/div>\n\t\t\t\t\t\t\t<\/div>\n\t\t<\/section>\n\t\t\t\t\t<\/div>\n\t\t<\/div>\n\t\t\t\t\t\t\t<\/div>\n\t\t<\/section>\n\t\t\t\t<section class=\"elementor-section elementor-top-section elementor-element elementor-element-b4d43a9 elementor-section-boxed elementor-section-height-default elementor-section-height-default\" data-id=\"b4d43a9\" data-element_type=\"section\">\n\t\t\t\t\t\t<div class=\"elementor-container elementor-column-gap-default\">\n\t\t\t\t\t<div class=\"elementor-column elementor-col-100 elementor-top-column elementor-element elementor-element-25b95fa\" data-id=\"25b95fa\" data-element_type=\"column\">\n\t\t\t<div class=\"elementor-widget-wrap elementor-element-populated\">\n\t\t\t\t\t\t\t\t<div class=\"elementor-element elementor-element-600943e elementor-widget elementor-widget-text-editor\" data-id=\"600943e\" data-element_type=\"widget\" data-widget_type=\"text-editor.default\">\n\t\t\t\t<div class=\"elementor-widget-container\">\n\t\t\t\t\t\t\t<div>Zwar liegt unser Spezialgebiet bei Solanaceae, aber wir arbeiten auch auf anderen Gebieten wie man in unserem Shop sieht.<\/div><p>So haben wir ein Sortiment an Speisedahlien selektioniert und auch eine unserer Nashi-Birnenz\u00fcchtungen ist dort zu finden. Wir arbeiten aber zum Beispiel auch an Gew\u00fcrzstr\u00e4uchern wie dem Sezuanpfeffer. Wenn Sie also auf der Suche f\u00fcr ein Projekt sind, sei das Zuckermais, Gurken, Melonen, Salat, R\u00fcben oder etwas Exotischeres. Wir sind immer zu Diensten!<\/p>\t\t\t\t\t\t<\/div>\n\t\t\t\t<\/div>\n\t\t\t\t\t<\/div>\n\t\t<\/div>\n\t\t\t\t\t\t\t<\/div>\n\t\t<\/section>\n\t\t\t\t\t\t<\/div>\n\t\t\t\t\t<\/div>\n\t\t","protected":false},"excerpt":{"rendered":"<p>Varietas ist ein Dienstleister Zwar liegt unser Spezialgebiet bei Solanaceae, aber wir arbeiten auch auf anderen Gebieten wie man in unserem Shop sieht. So haben wir ein Sortiment an Speisedahlien selektioniert und auch eine unserer Nashi-Birnenz\u00fcchtungen ist dort zu finden. Wir arbeiten aber zum Beispiel auch an Gew\u00fcrzstr\u00e4uchern wie dem Sezuanpfeffer. Wenn Sie also auf [&hellip;]<\/p>\n","protected":false},"author":1,"featured_media":0,"parent":0,"menu_order":0,"comment_status":"closed","ping_status":"closed","template":"","meta":{"footnotes":""},"class_list":["post-2199","page","type-page","status-publish","hentry"],"_links":{"self":[{"href":"https:\/\/varietas.ch\/wordpress\/wp-json\/wp\/v2\/pages\/2199","targetHints":{"allow":["GET"]}}],"collection":[{"href":"https:\/\/varietas.ch\/wordpress\/wp-json\/wp\/v2\/pages"}],"about":[{"href":"https:\/\/varietas.ch\/wordpress\/wp-json\/wp\/v2\/types\/page"}],"author":[{"embeddable":true,"href":"https:\/\/varietas.ch\/wordpress\/wp-json\/wp\/v2\/users\/1"}],"replies":[{"embeddable":true,"href":"https:\/\/varietas.ch\/wordpress\/wp-json\/wp\/v2\/comments?post=2199"}],"version-history":[{"count":10,"href":"https:\/\/varietas.ch\/wordpress\/wp-json\/wp\/v2\/pages\/2199\/revisions"}],"predecessor-version":[{"id":2431,"href":"https:\/\/varietas.ch\/wordpress\/wp-json\/wp\/v2\/pages\/2199\/revisions\/2431"}],"wp:attachment":[{"href":"https:\/\/varietas.ch\/wordpress\/wp-json\/wp\/v2\/media?parent=2199"}],"curies":[{"name":"wp","href":"https:\/\/api.w.org\/{rel}","templated":true}]}}