{"id":2254,"date":"2021-11-15T20:55:40","date_gmt":"2021-11-15T19:55:40","guid":{"rendered":"http:\/\/varietas.ch\/wordpress\/?page_id=2254"},"modified":"2023-07-26T16:52:27","modified_gmt":"2023-07-26T14:52:27","slug":"kartoffelprogramm-2","status":"publish","type":"page","link":"https:\/\/varietas.ch\/wordpress\/kartoffelprogramm-2\/","title":{"rendered":"Tomatenspezialit\u00e4ten"},"content":{"rendered":"\t\t<div data-elementor-type=\"wp-post\" data-elementor-id=\"2254\" class=\"elementor elementor-2254\" data-elementor-settings=\"[]\">\n\t\t\t\t\t\t\t<div class=\"elementor-section-wrap\">\n\t\t\t\t\t\t\t<section class=\"elementor-section elementor-inner-section elementor-element elementor-element-e9503bc elementor-section-boxed elementor-section-height-default elementor-section-height-default\" data-id=\"e9503bc\" data-element_type=\"section\">\n\t\t\t\t\t\t<div class=\"elementor-container elementor-column-gap-default\">\n\t\t\t\t\t<div class=\"elementor-column elementor-col-100 elementor-inner-column elementor-element elementor-element-33469f1\" data-id=\"33469f1\" data-element_type=\"column\">\n\t\t\t<div class=\"elementor-widget-wrap elementor-element-populated\">\n\t\t\t\t\t\t\t\t<div class=\"elementor-element elementor-element-98f2508 elementor-widget elementor-widget-image\" data-id=\"98f2508\" data-element_type=\"widget\" data-widget_type=\"image.default\">\n\t\t\t\t<div class=\"elementor-widget-container\">\n\t\t\t\t\t\t\t\t\t\t\t\t\t\t\t<img loading=\"lazy\" decoding=\"async\" width=\"265\" height=\"72\" src=\"https:\/\/varietas.ch\/wordpress\/wp-content\/uploads\/2019\/05\/goldcrown-1.png\" class=\"attachment-large size-large\" alt=\"\" \/>\t\t\t\t\t\t\t\t\t\t\t\t\t\t\t<\/div>\n\t\t\t\t<\/div>\n\t\t\t\t<div class=\"elementor-element elementor-element-6471db9 elementor-widget elementor-widget-heading\" data-id=\"6471db9\" data-element_type=\"widget\" data-widget_type=\"heading.default\">\n\t\t\t\t<div class=\"elementor-widget-container\">\n\t\t\t<h2 class=\"elementor-heading-title elementor-size-default\">\u00dcBERSICHT<\/h2>\t\t<\/div>\n\t\t\t\t<\/div>\n\t\t\t\t<div class=\"elementor-element elementor-element-e57d063 elementor-widget elementor-widget-image\" data-id=\"e57d063\" data-element_type=\"widget\" data-widget_type=\"image.default\">\n\t\t\t\t<div class=\"elementor-widget-container\">\n\t\t\t\t\t\t\t\t\t\t\t\t\t\t\t<img loading=\"lazy\" decoding=\"async\" width=\"205\" height=\"38\" src=\"https:\/\/varietas.ch\/wordpress\/wp-content\/uploads\/2019\/05\/goldcrown-2.png\" class=\"attachment-large size-large\" alt=\"\" \/>\t\t\t\t\t\t\t\t\t\t\t\t\t\t\t<\/div>\n\t\t\t\t<\/div>\n\t\t\t\t\t<\/div>\n\t\t<\/div>\n\t\t\t\t\t\t\t<\/div>\n\t\t<\/section>\n\t\t\t\t<section class=\"elementor-section elementor-top-section elementor-element elementor-element-11609e5 elementor-section-boxed elementor-section-height-default elementor-section-height-default\" data-id=\"11609e5\" data-element_type=\"section\">\n\t\t\t\t\t\t<div class=\"elementor-container elementor-column-gap-default\">\n\t\t\t\t\t<div class=\"elementor-column elementor-col-100 elementor-top-column elementor-element elementor-element-74dcb1b\" data-id=\"74dcb1b\" data-element_type=\"column\">\n\t\t\t<div class=\"elementor-widget-wrap elementor-element-populated\">\n\t\t\t\t\t\t\t\t<div class=\"elementor-element elementor-element-35def8a elementor-widget elementor-widget-spacer\" data-id=\"35def8a\" data-element_type=\"widget\" data-widget_type=\"spacer.default\">\n\t\t\t\t<div class=\"elementor-widget-container\">\n\t\t\t\t\t<div class=\"elementor-spacer\">\n\t\t\t<div class=\"elementor-spacer-inner\"><\/div>\n\t\t<\/div>\n\t\t\t\t<\/div>\n\t\t\t\t<\/div>\n\t\t\t\t\t<\/div>\n\t\t<\/div>\n\t\t\t\t\t\t\t<\/div>\n\t\t<\/section>\n\t\t\t\t<section class=\"elementor-section elementor-top-section elementor-element elementor-element-f1d7c5e elementor-section-boxed elementor-section-height-default elementor-section-height-default\" data-id=\"f1d7c5e\" data-element_type=\"section\">\n\t\t\t\t\t\t<div class=\"elementor-container elementor-column-gap-default\">\n\t\t\t\t\t<div class=\"elementor-column elementor-col-100 elementor-top-column elementor-element elementor-element-84091f9\" data-id=\"84091f9\" data-element_type=\"column\">\n\t\t\t<div class=\"elementor-widget-wrap elementor-element-populated\">\n\t\t\t\t\t\t\t\t<div class=\"elementor-element elementor-element-c3ff87b elementor-widget elementor-widget-text-editor\" data-id=\"c3ff87b\" data-element_type=\"widget\" data-widget_type=\"text-editor.default\">\n\t\t\t\t<div class=\"elementor-widget-container\">\n\t\t\t\t\t\t\t<p>Tomaten sind gleich wie Kartoffeln Nachtschattengew\u00e4chse und geh\u00f6ren somit also in die Familie der <em>Solanaceae<\/em>. Im Gegensatz zu Kartoffeln, die man auf englisch als Outbreeder bezeichnet, die es also nicht m\u00f6gen mit sich selbst befruchtet zu werden und bei Wildformen sogar Mechanismen entwickelt haben um dies zu verhindern, haben Tomaten -zumindest unsere Speiseform- damit scheinbar kein Problem. Sie werden daher als Inbreeder bezeichnet.<br \/>Alle alten Tomatensorten entstanden durch eine mehr oder weniger zuf\u00e4llige Kreuzung und weitere Selektion einer selbstbest\u00e4ubten Inzuchtlinie. Dabei dauert es etwa acht Jahre, und damit acht Generationen bis eine Linie stabil ist. In der heutigen Pflanzenz\u00fcchtung bezeichnet man die einzelnen Generationen als Filiallinien.<br \/>Im ersten Jahr heissen sie F1 und fortlaufend bis zum achten Jahr F8 und so weiter.<br \/>Wenn man also heute ein Samenbriefchen -gleich ob es Tomaten oder anderes Gem\u00fcse ist- kauft, das mit F1 Saatgut angeschrieben ist, dann kauft man also etwas das noch nicht stabilisiert ist. Hat man ein wenig Zeit, kann man daraus aber jederzeit wieder eine stabile Linie gewinnen, man muss nur entsprechende Zuchtziele festlegen und selektionieren was dem entspricht.<\/p><p>Der Grund warum \u00fcberhaupt solches F1-Saatgut angeboten wird, ist ein vierfacher.<\/p><p>Erstens ist der Aufwand geringer. Statt mehrere Jahre Zuchtarbeit leisten zu m\u00fcssen, ist das Saatgut nach der Kreuzung direkt verkaufbar.<\/p><p>Das Aussehen der Pflanzen ist homogen. Nach der Kreuzung, sehen alle Pflanzen der ersten Generation alle gleich aus und sind gleich Produktiv.<\/p><p>Die Produktivit\u00e4t kann gr\u00f6sser sein. Bei Inbreedern wie den Tomaten spielt dies keine Rolle, bei Outbreedern wie Kartoffeln oder extrem bei Mais, wo meist mit Inzuchtlinien gearbeitet wird, kann es zu einer Ertragssteigerung bis 40% f\u00fchren.<\/p><p>Der G\u00e4rtner oder Bauer kann das Saatgut nicht einfach Nachbauen. Er kennt die Parentallinien nicht, und diese sind auch wenn sie bekannt w\u00e4ren nicht k\u00e4uflich. Sie werden geradezu als Gesch\u00e4ftsgeheimnis behandelt von den Saatgutmultis.<\/p><h3><b>Umdenken im Privaten<\/b><\/h3><p>In der Zwischenzeit entsteht mehr und mehr eine Bewegung die versucht gegen diesen Trend der F1 Hybridsorten anzuarbeiten und die genetischer Verarmung die als Begleiterscheinung der Konzentration auf wenige Saatgutmultis auftritt zu stoppen.<br \/>Alte Sorten werden wieder gepflegt. In der Schweiz speziell von ProSpecieRara, in Oesterreich durch ArcheNoah, in Deutschland durch den VEN oder in Frankreich und Belgien durch Kokopelli.<br \/>Im englischen Sprachraum ist diese Tradition schon viel \u00e4lter. Dort gibt es teilweise seit den 1920er Jahren private SeedSaversExchange\u2019s die den Austausch \u00fcber den Gartenzaun oder Feldrand unterst\u00fctzen.<\/p><h3><strong>Unsere Ziele<\/strong><\/h3><p>Der Tradition folgend altes zu erhalten, entstand auch Varietas, wobei wir es in einer Zeit wo der Klimawandel und die Globalisierung in aller Munde ist noch einen Schritt weiter wagen.<br \/>Wir erhalten nicht nur alte Sorten sondern versuchen auch ihre guten Eigenschaften in neue, best\u00e4ndige zu \u00fcbertragen, so dass sie den sich \u00e4ndernden Klimabedingungen oder eingeschleppten Krankheiten besser wiederstehen k\u00f6nnen, ohne die Einbusen an Geschmack oder Inhaltsstoffen einer \u00fcblichen Handelssorte hinnehmen zu m\u00fcssen.<\/p><h3><b>Unser Tomatensortiment teilt sich in vier Kategorien:<\/b><\/h3><p>Als erstes die alten Sorten aus Erhaltung.<\/p><p>Die fr\u00fchen eigenen Z\u00fcchtungen an Cherries und anderen geschmacklichen Wundern.<\/p><p>Unsere Arbeit an schwarzen Tomaten, und ich meine hier wirklich schwarz, nicht etwa braun.<\/p><p>Zum Schluss kommen dann noch unsere Sorten mit einer Toleranz gegen Fusarium oder Braun- und St\u00e4ngelf\u00e4ule die es wert sind ausprobiert zu werden wenn man keine M\u00f6glichkeit hat seine Tomatenpflanzen abzudecken.<\/p>\t\t\t\t\t\t<\/div>\n\t\t\t\t<\/div>\n\t\t\t\t\t<\/div>\n\t\t<\/div>\n\t\t\t\t\t\t\t<\/div>\n\t\t<\/section>\n\t\t\t\t<section class=\"elementor-section elementor-inner-section elementor-element elementor-element-dc014d5 elementor-section-boxed elementor-section-height-default elementor-section-height-default\" data-id=\"dc014d5\" data-element_type=\"section\">\n\t\t\t\t\t\t<div class=\"elementor-container elementor-column-gap-default\">\n\t\t\t\t\t<div class=\"elementor-column elementor-col-100 elementor-inner-column elementor-element elementor-element-41f78d7\" data-id=\"41f78d7\" data-element_type=\"column\">\n\t\t\t<div class=\"elementor-widget-wrap elementor-element-populated\">\n\t\t\t\t\t\t\t\t<div class=\"elementor-element elementor-element-34c177a elementor-widget elementor-widget-image\" data-id=\"34c177a\" data-element_type=\"widget\" data-widget_type=\"image.default\">\n\t\t\t\t<div class=\"elementor-widget-container\">\n\t\t\t\t\t\t\t\t\t\t\t\t\t\t\t<img loading=\"lazy\" decoding=\"async\" width=\"265\" height=\"72\" src=\"https:\/\/varietas.ch\/wordpress\/wp-content\/uploads\/2019\/05\/goldcrown-1.png\" class=\"attachment-large size-large\" alt=\"\" \/>\t\t\t\t\t\t\t\t\t\t\t\t\t\t\t<\/div>\n\t\t\t\t<\/div>\n\t\t\t\t<div class=\"elementor-element elementor-element-ccf9817 elementor-widget elementor-widget-heading\" data-id=\"ccf9817\" data-element_type=\"widget\" data-widget_type=\"heading.default\">\n\t\t\t\t<div class=\"elementor-widget-container\">\n\t\t\t<h2 class=\"elementor-heading-title elementor-size-default\">Unterscheidungsmerkmale bei Tomaten<\/h2>\t\t<\/div>\n\t\t\t\t<\/div>\n\t\t\t\t<div class=\"elementor-element elementor-element-1bdd86d elementor-widget elementor-widget-image\" data-id=\"1bdd86d\" data-element_type=\"widget\" data-widget_type=\"image.default\">\n\t\t\t\t<div class=\"elementor-widget-container\">\n\t\t\t\t\t\t\t\t\t\t\t\t\t\t\t<img loading=\"lazy\" decoding=\"async\" width=\"205\" height=\"38\" src=\"https:\/\/varietas.ch\/wordpress\/wp-content\/uploads\/2019\/05\/goldcrown-2.png\" class=\"attachment-large size-large\" alt=\"\" \/>\t\t\t\t\t\t\t\t\t\t\t\t\t\t\t<\/div>\n\t\t\t\t<\/div>\n\t\t\t\t\t<\/div>\n\t\t<\/div>\n\t\t\t\t\t\t\t<\/div>\n\t\t<\/section>\n\t\t\t\t<section class=\"elementor-section elementor-top-section elementor-element elementor-element-ea19336 elementor-section-boxed elementor-section-height-default elementor-section-height-default\" data-id=\"ea19336\" data-element_type=\"section\">\n\t\t\t\t\t\t<div class=\"elementor-container elementor-column-gap-default\">\n\t\t\t\t\t<div class=\"elementor-column elementor-col-100 elementor-top-column elementor-element elementor-element-8c5c5d1\" data-id=\"8c5c5d1\" data-element_type=\"column\">\n\t\t\t<div class=\"elementor-widget-wrap elementor-element-populated\">\n\t\t\t\t\t\t\t\t<div class=\"elementor-element elementor-element-fb32c65 elementor-widget elementor-widget-text-editor\" data-id=\"fb32c65\" data-element_type=\"widget\" data-widget_type=\"text-editor.default\">\n\t\t\t\t<div class=\"elementor-widget-container\">\n\t\t\t\t\t\t\t<h3><b>Nach Gr\u00f6ssen:<\/b><\/h3><p>Cherries sind die kleinsten obwohl der \u00dcbergang zu den Salattomaten fliessend ist. Wir sprechen hier von ihnen wenn man sie in einem Bissen geniessen kann.<br \/>Salattomaten haben die klassische Gr\u00f6sse wie man sie in jedem Supermarkt finden kann und sie eignen sich wie der Name es schon sagt sehr gut f\u00fcr Salate. Wobei sie auch gekocht ein Genuss sind.<br \/>Eine spezielle Form der Salattomaten sind die Pelati. Einige z\u00e4hlen sie auch als eigene Kategorie, wobei der Begriff im italienischen einfach f\u00fcr gesch\u00e4lte Tomaten steht. Es sind l\u00e4ngliche sehr fleischige Sorten mit wenig Samen die sich besonders zum Kochen f\u00fcr Sugo eigenen.<br \/>Fleischtomaten sind die gr\u00f6ssten und k\u00f6nnen ein Gewicht bis zu mehreren Kilos erreichen. Sie sind Geschmacklich weniger intensiv als die anderen Sorten. Aufgeschnitten in Scheiben und mit etwas Salz oder Pfeffer auf einem St\u00fcck Brot aber immer noch das Beste was einem im Sommer passieren kann.<\/p><h3><b>Nach Form:<\/b><\/h3><p>Tomaten k\u00f6nnen von birnenf\u00f6rmig \u00fcber eif\u00f6rmig zu rund, abgeplattet, paprikaf\u00f6rmig oder herzf\u00f6rmig alle Formen annehmen. Hierbei gibt es auch Sorten die innen hohl sind und sich besonders gut zum f\u00fcllen eignen.<\/p><h3><b>Nach Farbe:<\/b><\/h3><p>Wie der italienische Name \u201ePomodoro\u201c, also Goldapfel sagt, waren die ersten bekannten Tomaten nicht wie heute rot, sondern gelb oder orange. Zus\u00e4tzlich zu diesen Farben gibt es aber auch weisse, gr\u00fcn reife, braun\/schokoladenfarbige und neu auch wirklich schwarze Sorten.<\/p><h3><b>Nach Blattform:<\/b><\/h3><p>Hier kann man in drei Formen mit \u00dcbergangsstufen unterscheiden.<br \/>Kartoffelbl\u00e4ttrige sind wenig eingeschnitten und haben eine grosse zusammenh\u00e4ngende Blattfl\u00e4che.<br \/>Tomatenbl\u00e4ttrige sind mehr oder weniger stark eingeschnitten und daher sieht die Blattstruktur lockerer aus.<br \/>Karottenlaubige sind sehr stark eingeschnitten und die Bl\u00e4tter sind sehr fein und filigran.<\/p><p>\u00a0<\/p>\t\t\t\t\t\t<\/div>\n\t\t\t\t<\/div>\n\t\t\t\t\t<\/div>\n\t\t<\/div>\n\t\t\t\t\t\t\t<\/div>\n\t\t<\/section>\n\t\t\t\t<section class=\"elementor-section elementor-inner-section elementor-element elementor-element-a85a882 elementor-section-boxed elementor-section-height-default elementor-section-height-default\" data-id=\"a85a882\" data-element_type=\"section\">\n\t\t\t\t\t\t<div class=\"elementor-container elementor-column-gap-default\">\n\t\t\t\t\t<div class=\"elementor-column elementor-col-100 elementor-inner-column elementor-element elementor-element-39c1935\" data-id=\"39c1935\" data-element_type=\"column\">\n\t\t\t<div class=\"elementor-widget-wrap elementor-element-populated\">\n\t\t\t\t\t\t\t\t<div class=\"elementor-element elementor-element-a3f591f elementor-widget elementor-widget-image\" data-id=\"a3f591f\" data-element_type=\"widget\" data-widget_type=\"image.default\">\n\t\t\t\t<div class=\"elementor-widget-container\">\n\t\t\t\t\t\t\t\t\t\t\t\t\t\t\t<img loading=\"lazy\" decoding=\"async\" width=\"265\" height=\"72\" src=\"https:\/\/varietas.ch\/wordpress\/wp-content\/uploads\/2019\/05\/goldcrown-1.png\" class=\"attachment-large size-large\" alt=\"\" \/>\t\t\t\t\t\t\t\t\t\t\t\t\t\t\t<\/div>\n\t\t\t\t<\/div>\n\t\t\t\t<div class=\"elementor-element elementor-element-448ac2b elementor-widget elementor-widget-heading\" data-id=\"448ac2b\" data-element_type=\"widget\" data-widget_type=\"heading.default\">\n\t\t\t\t<div class=\"elementor-widget-container\">\n\t\t\t<h2 class=\"elementor-heading-title elementor-size-default\">Aussaat, Pflege und Ernte<\/h2>\t\t<\/div>\n\t\t\t\t<\/div>\n\t\t\t\t<div class=\"elementor-element elementor-element-a750c05 elementor-widget elementor-widget-image\" data-id=\"a750c05\" data-element_type=\"widget\" data-widget_type=\"image.default\">\n\t\t\t\t<div class=\"elementor-widget-container\">\n\t\t\t\t\t\t\t\t\t\t\t\t\t\t\t<img loading=\"lazy\" decoding=\"async\" width=\"205\" height=\"38\" src=\"https:\/\/varietas.ch\/wordpress\/wp-content\/uploads\/2019\/05\/goldcrown-2.png\" class=\"attachment-large size-large\" alt=\"\" \/>\t\t\t\t\t\t\t\t\t\t\t\t\t\t\t<\/div>\n\t\t\t\t<\/div>\n\t\t\t\t\t<\/div>\n\t\t<\/div>\n\t\t\t\t\t\t\t<\/div>\n\t\t<\/section>\n\t\t\t\t<section class=\"elementor-section elementor-top-section elementor-element elementor-element-71f67f9 elementor-section-boxed elementor-section-height-default elementor-section-height-default\" data-id=\"71f67f9\" data-element_type=\"section\">\n\t\t\t\t\t\t<div class=\"elementor-container elementor-column-gap-default\">\n\t\t\t\t\t<div class=\"elementor-column elementor-col-100 elementor-top-column elementor-element elementor-element-d0db681\" data-id=\"d0db681\" data-element_type=\"column\">\n\t\t\t<div class=\"elementor-widget-wrap elementor-element-populated\">\n\t\t\t\t\t\t\t\t<div class=\"elementor-element elementor-element-2de8840 elementor-widget elementor-widget-text-editor\" data-id=\"2de8840\" data-element_type=\"widget\" data-widget_type=\"text-editor.default\">\n\t\t\t\t<div class=\"elementor-widget-container\">\n\t\t\t\t\t\t\t<p>Trotz all der Unterschiede die bei Tomaten im Aussehen m\u00f6glich sind, sind die Aussaat und Pflegehinweise f\u00fcr praktisch alle gleich.<br>Man s\u00e4ht von ende Februar bis ende M\u00e4rz und pikiert die jungen Pflanzen nach den ersten zwei richtigen Bl\u00e4ttern in eigene T\u00f6pfe.<br>Nach den Eisheiligen kann man die Pflanzen vor Regen gesch\u00fctzt ins Freie setzen.<br>Beim W\u00e4ssern darauf achten das die Pflanze nur am Wurzelansatz Wasser bekommt und der Rest der Pflanze dabei nicht nass wird. Kraut oder Braunf\u00e4ule breitet sich nur auf Pflanzen aus die mindestens vier Stunden nass waren. Der einfachste Typ dies zu verhindern ist also die Pflanzen abzudecken und vor Regen oder sonstigem Spritzwasser zu sch\u00fctzen.<br>Ab Juli bis September sollte man dann in der Lage sein seine eigenen saftigen Tomaten zu ernten und falls erw\u00fcnscht auch wieder eigenes Saatgut daraus gewinnen.<\/p>\t\t\t\t\t\t<\/div>\n\t\t\t\t<\/div>\n\t\t\t\t\t<\/div>\n\t\t<\/div>\n\t\t\t\t\t\t\t<\/div>\n\t\t<\/section>\n\t\t\t\t\t\t<\/div>\n\t\t\t\t\t<\/div>\n\t\t","protected":false},"excerpt":{"rendered":"<p>\u00dcBERSICHT Tomaten sind gleich wie Kartoffeln Nachtschattengew\u00e4chse und geh\u00f6ren somit also in die Familie der Solanaceae. Im Gegensatz zu Kartoffeln, die man auf englisch als Outbreeder bezeichnet, die es also nicht m\u00f6gen mit sich selbst befruchtet zu werden und bei Wildformen sogar Mechanismen entwickelt haben um dies zu verhindern, haben Tomaten -zumindest unsere Speiseform- damit [&hellip;]<\/p>\n","protected":false},"author":1,"featured_media":0,"parent":0,"menu_order":0,"comment_status":"closed","ping_status":"closed","template":"page-templates\/pagebuilder.php","meta":{"footnotes":""},"class_list":["post-2254","page","type-page","status-publish","hentry"],"_links":{"self":[{"href":"https:\/\/varietas.ch\/wordpress\/wp-json\/wp\/v2\/pages\/2254","targetHints":{"allow":["GET"]}}],"collection":[{"href":"https:\/\/varietas.ch\/wordpress\/wp-json\/wp\/v2\/pages"}],"about":[{"href":"https:\/\/varietas.ch\/wordpress\/wp-json\/wp\/v2\/types\/page"}],"author":[{"embeddable":true,"href":"https:\/\/varietas.ch\/wordpress\/wp-json\/wp\/v2\/users\/1"}],"replies":[{"embeddable":true,"href":"https:\/\/varietas.ch\/wordpress\/wp-json\/wp\/v2\/comments?post=2254"}],"version-history":[{"count":10,"href":"https:\/\/varietas.ch\/wordpress\/wp-json\/wp\/v2\/pages\/2254\/revisions"}],"predecessor-version":[{"id":3326,"href":"https:\/\/varietas.ch\/wordpress\/wp-json\/wp\/v2\/pages\/2254\/revisions\/3326"}],"wp:attachment":[{"href":"https:\/\/varietas.ch\/wordpress\/wp-json\/wp\/v2\/media?parent=2254"}],"curies":[{"name":"wp","href":"https:\/\/api.w.org\/{rel}","templated":true}]}}