{"id":2550,"date":"2021-11-27T08:19:58","date_gmt":"2021-11-27T07:19:58","guid":{"rendered":"http:\/\/varietas.ch\/wordpress\/?page_id=2550"},"modified":"2025-11-02T11:27:47","modified_gmt":"2025-11-02T10:27:47","slug":"ethik","status":"publish","type":"page","link":"https:\/\/varietas.ch\/wordpress\/ethik\/","title":{"rendered":"Ethik"},"content":{"rendered":"\t\t<div data-elementor-type=\"wp-post\" data-elementor-id=\"2550\" class=\"elementor elementor-2550\" data-elementor-settings=\"[]\">\n\t\t\t\t\t\t\t<div class=\"elementor-section-wrap\">\n\t\t\t\t\t\t\t<section class=\"elementor-section elementor-inner-section elementor-element elementor-element-e9503bc elementor-section-boxed elementor-section-height-default elementor-section-height-default\" data-id=\"e9503bc\" data-element_type=\"section\">\n\t\t\t\t\t\t<div class=\"elementor-container elementor-column-gap-default\">\n\t\t\t\t\t<div class=\"elementor-column elementor-col-100 elementor-inner-column elementor-element elementor-element-33469f1\" data-id=\"33469f1\" data-element_type=\"column\">\n\t\t\t<div class=\"elementor-widget-wrap elementor-element-populated\">\n\t\t\t\t\t\t\t\t<div class=\"elementor-element elementor-element-98f2508 elementor-widget elementor-widget-image\" data-id=\"98f2508\" data-element_type=\"widget\" data-widget_type=\"image.default\">\n\t\t\t\t<div class=\"elementor-widget-container\">\n\t\t\t\t\t\t\t\t\t\t\t\t\t\t\t<img loading=\"lazy\" decoding=\"async\" width=\"265\" height=\"72\" src=\"https:\/\/varietas.ch\/wordpress\/wp-content\/uploads\/2019\/05\/goldcrown-1.png\" class=\"attachment-large size-large\" alt=\"\" \/>\t\t\t\t\t\t\t\t\t\t\t\t\t\t\t<\/div>\n\t\t\t\t<\/div>\n\t\t\t\t<div class=\"elementor-element elementor-element-6471db9 elementor-widget elementor-widget-heading\" data-id=\"6471db9\" data-element_type=\"widget\" data-widget_type=\"heading.default\">\n\t\t\t\t<div class=\"elementor-widget-container\">\n\t\t\t<h2 class=\"elementor-heading-title elementor-size-default\">Unsere Grunds\u00e4tze<\/h2>\t\t<\/div>\n\t\t\t\t<\/div>\n\t\t\t\t<div class=\"elementor-element elementor-element-e57d063 elementor-widget elementor-widget-image\" data-id=\"e57d063\" data-element_type=\"widget\" data-widget_type=\"image.default\">\n\t\t\t\t<div class=\"elementor-widget-container\">\n\t\t\t\t\t\t\t\t\t\t\t\t\t\t\t<img loading=\"lazy\" decoding=\"async\" width=\"205\" height=\"38\" src=\"https:\/\/varietas.ch\/wordpress\/wp-content\/uploads\/2019\/05\/goldcrown-2.png\" class=\"attachment-large size-large\" alt=\"\" \/>\t\t\t\t\t\t\t\t\t\t\t\t\t\t\t<\/div>\n\t\t\t\t<\/div>\n\t\t\t\t\t<\/div>\n\t\t<\/div>\n\t\t\t\t\t\t\t<\/div>\n\t\t<\/section>\n\t\t\t\t<section class=\"elementor-section elementor-top-section elementor-element elementor-element-11609e5 elementor-section-boxed elementor-section-height-default elementor-section-height-default\" data-id=\"11609e5\" data-element_type=\"section\">\n\t\t\t\t\t\t<div class=\"elementor-container elementor-column-gap-default\">\n\t\t\t\t\t<div class=\"elementor-column elementor-col-100 elementor-top-column elementor-element elementor-element-74dcb1b\" data-id=\"74dcb1b\" data-element_type=\"column\">\n\t\t\t<div class=\"elementor-widget-wrap elementor-element-populated\">\n\t\t\t\t\t\t\t\t<div class=\"elementor-element elementor-element-35def8a elementor-widget elementor-widget-spacer\" data-id=\"35def8a\" data-element_type=\"widget\" data-widget_type=\"spacer.default\">\n\t\t\t\t<div class=\"elementor-widget-container\">\n\t\t\t\t\t<div class=\"elementor-spacer\">\n\t\t\t<div class=\"elementor-spacer-inner\"><\/div>\n\t\t<\/div>\n\t\t\t\t<\/div>\n\t\t\t\t<\/div>\n\t\t\t\t\t<\/div>\n\t\t<\/div>\n\t\t\t\t\t\t\t<\/div>\n\t\t<\/section>\n\t\t\t\t<section class=\"elementor-section elementor-top-section elementor-element elementor-element-f1d7c5e elementor-section-boxed elementor-section-height-default elementor-section-height-default\" data-id=\"f1d7c5e\" data-element_type=\"section\">\n\t\t\t\t\t\t<div class=\"elementor-container elementor-column-gap-default\">\n\t\t\t\t\t<div class=\"elementor-column elementor-col-100 elementor-top-column elementor-element elementor-element-84091f9\" data-id=\"84091f9\" data-element_type=\"column\">\n\t\t\t<div class=\"elementor-widget-wrap elementor-element-populated\">\n\t\t\t\t\t\t\t\t<div class=\"elementor-element elementor-element-c3ff87b elementor-widget elementor-widget-text-editor\" data-id=\"c3ff87b\" data-element_type=\"widget\" data-widget_type=\"text-editor.default\">\n\t\t\t\t<div class=\"elementor-widget-container\">\n\t\t\t\t\t\t\t<p>Varietas arbeitet grunds\u00e4tzlich biologisch in der Z\u00fcchtung! Nur schon um unseren Insektenhelfern die einen Teil unserer Arbeit f\u00fcr uns erledigen nicht zu schaden. <br>Uns wird immer wieder die Frage gestellt; Warum seid ihr dann nicht Bio-zertifiziert.<\/p>\n<p>Die Antwort darauf hat zweierlei Grund:<\/p>\n<p>Erstens, der Z\u00fcchtungsbereich ist zertifiziert, aber Bio ist nicht immer nachhaltig also h\u00e4ngen wir das nicht an die grosse Glocke. Der Varietas Gr\u00fcnder kommt aus dem Permakultur-Umfeld, wo er seine pr\u00e4gendsten Erfahrungen 1996 in Neuseeland machte. Der OpenSource\/OpenKnowledge Hintergrund ist auch gut ersichtlich aus unserem Kursangebot. Als studierter Umweltwissenschaftler (MSc ETH) sind ihm Begriffe wie \u00d6kologischer-Fussabdruck nicht fremd und entsprechend ist ihm Nachhaltigkeit wichtiger als Zertifizierung. Wenn er Kompost braucht, kauft er ihn zwei Kilometer entfernt statt aus 150 Kilometer Entfernung mit Bio-Zertifikat. Zertifizierung ist wichtig aber nicht das Ausschlusskriterium, was man am Beispiel des von ihm initiierten gratis Open Access Permakultur-Labels sieht. Jeder hat das Recht es zu benutzen, solange man seine Daten dazu \u00f6ffentlich zeigt. Jeder kann diese dann selbst auswerten und das Label so \u00fcberpr\u00fcfen.<\/p>\n<p>Der Hintergrund der von uns unterst\u00fctzten Label und G\u00fctesiegel ist uns sehr wichtig!<\/p>\n<p>So haben wir im Moment das ProSpecieRara G\u00fctesiegel:<\/p>\t\t\t\t\t\t<\/div>\n\t\t\t\t<\/div>\n\t\t\t\t\t<\/div>\n\t\t<\/div>\n\t\t\t\t\t\t\t<\/div>\n\t\t<\/section>\n\t\t\t\t<section class=\"elementor-section elementor-top-section elementor-element elementor-element-dd26bc8 elementor-section-boxed elementor-section-height-default elementor-section-height-default\" data-id=\"dd26bc8\" data-element_type=\"section\">\n\t\t\t\t\t\t<div class=\"elementor-container elementor-column-gap-default\">\n\t\t\t\t\t<div class=\"elementor-column elementor-col-100 elementor-top-column elementor-element elementor-element-c4c316a\" data-id=\"c4c316a\" data-element_type=\"column\">\n\t\t\t<div class=\"elementor-widget-wrap elementor-element-populated\">\n\t\t\t\t\t\t\t\t<div class=\"elementor-element elementor-element-244a1f9 elementor-widget elementor-widget-image\" data-id=\"244a1f9\" data-element_type=\"widget\" data-widget_type=\"image.default\">\n\t\t\t\t<div class=\"elementor-widget-container\">\n\t\t\t\t\t\t\t\t\t\t\t\t\t\t\t<img decoding=\"async\" src=\"https:\/\/varietas.ch\/wordpress\/wp-content\/uploads\/2021\/11\/PSR.jpg\" title=\"PSR\" alt=\"PSR\" \/>\t\t\t\t\t\t\t\t\t\t\t\t\t\t\t<\/div>\n\t\t\t\t<\/div>\n\t\t\t\t<div class=\"elementor-element elementor-element-2f1d62c elementor-widget elementor-widget-text-editor\" data-id=\"2f1d62c\" data-element_type=\"widget\" data-widget_type=\"text-editor.default\">\n\t\t\t\t<div class=\"elementor-widget-container\">\n\t\t\t\t\t\t\t<p>Dazu unterst\u00fctzen wir aktiv OpenSourceSeed:<\/p>\t\t\t\t\t\t<\/div>\n\t\t\t\t<\/div>\n\t\t\t\t\t<\/div>\n\t\t<\/div>\n\t\t\t\t\t\t\t<\/div>\n\t\t<\/section>\n\t\t\t\t<section class=\"elementor-section elementor-top-section elementor-element elementor-element-afea2a5 elementor-section-boxed elementor-section-height-default elementor-section-height-default\" data-id=\"afea2a5\" data-element_type=\"section\">\n\t\t\t\t\t\t<div class=\"elementor-container elementor-column-gap-default\">\n\t\t\t\t\t<div class=\"elementor-column elementor-col-100 elementor-top-column elementor-element elementor-element-e121cb0\" data-id=\"e121cb0\" data-element_type=\"column\">\n\t\t\t<div class=\"elementor-widget-wrap elementor-element-populated\">\n\t\t\t\t\t\t\t\t<div class=\"elementor-element elementor-element-0176367 elementor-widget elementor-widget-image\" data-id=\"0176367\" data-element_type=\"widget\" data-widget_type=\"image.default\">\n\t\t\t\t<div class=\"elementor-widget-container\">\n\t\t\t\t\t\t\t\t\t\t\t\t\t\t\t<img decoding=\"async\" src=\"https:\/\/varietas.ch\/wordpress\/wp-content\/uploads\/2021\/11\/OpenSourceSeed.png\" title=\"OpenSourceSeed\" alt=\"OpenSourceSeed\" \/>\t\t\t\t\t\t\t\t\t\t\t\t\t\t\t<\/div>\n\t\t\t\t<\/div>\n\t\t\t\t\t<\/div>\n\t\t<\/div>\n\t\t\t\t\t\t\t<\/div>\n\t\t<\/section>\n\t\t\t\t<section class=\"elementor-section elementor-top-section elementor-element elementor-element-9eadf47 elementor-section-boxed elementor-section-height-default elementor-section-height-default\" data-id=\"9eadf47\" data-element_type=\"section\">\n\t\t\t\t\t\t<div class=\"elementor-container elementor-column-gap-default\">\n\t\t\t\t\t<div class=\"elementor-column elementor-col-100 elementor-top-column elementor-element elementor-element-9d08b86\" data-id=\"9d08b86\" data-element_type=\"column\">\n\t\t\t<div class=\"elementor-widget-wrap elementor-element-populated\">\n\t\t\t\t\t\t\t\t<div class=\"elementor-element elementor-element-00c8e18 elementor-widget elementor-widget-text-editor\" data-id=\"00c8e18\" data-element_type=\"widget\" data-widget_type=\"text-editor.default\">\n\t\t\t\t<div class=\"elementor-widget-container\">\n\t\t\t\t\t\t\t<p>Hierzu findet man auch die Sorte Freeka bei uns im Sortiment!<\/p><p>Zweitens ist es so, dass im Raum Weiach, wo die Firma domiziliert ist und die Gew\u00e4chsh\u00e4user stehen, niemand Bio-Ackerbau betreibt mit dem Varietas Land abtauschen k\u00f6nnte. Dieses Land ist aber n\u00f6tig, um die Ertragstests unter Feldbedingungen durchzuf\u00fchren. Kartoffeln sind eine vierj\u00e4hrige Fruchtfolgekultur, jemand muss also die drei anderen Kulturen anbauen und das sind in unserer Umgebung halt eben \u00abnur\u00bb konventionelle Landwirte. Wir verbringen im Schnitt zwei Tage pro Woche auf dem Feld sobald die Kartoffeln richtig zu wachsen beginnen und der Nachhaltigkeit zuliebe legen wir diesen Weg entweder zu Fuss oder mit dem Fahrrad zur\u00fcck, was bedingt das es nah am Betriebsstandort stattfindet, also ist es auch hier wieder eine Frage der Nachhaltigkeit versus Zertifizierung.<\/p>\t\t\t\t\t\t<\/div>\n\t\t\t\t<\/div>\n\t\t\t\t\t<\/div>\n\t\t<\/div>\n\t\t\t\t\t\t\t<\/div>\n\t\t<\/section>\n\t\t\t\t<section class=\"elementor-section elementor-top-section elementor-element elementor-element-fc32ffd elementor-section-boxed elementor-section-height-default elementor-section-height-default\" data-id=\"fc32ffd\" data-element_type=\"section\" data-settings=\"{&quot;background_background&quot;:&quot;classic&quot;}\">\n\t\t\t\t\t\t<div class=\"elementor-container elementor-column-gap-default\">\n\t\t\t\t\t<div class=\"elementor-column elementor-col-100 elementor-top-column elementor-element elementor-element-d2ee537\" data-id=\"d2ee537\" data-element_type=\"column\">\n\t\t\t<div class=\"elementor-widget-wrap\">\n\t\t\t\t\t\t\t\t\t<\/div>\n\t\t<\/div>\n\t\t\t\t\t\t\t<\/div>\n\t\t<\/section>\n\t\t\t\t\t\t<\/div>\n\t\t\t\t\t<\/div>\n\t\t","protected":false},"excerpt":{"rendered":"<p>Unsere Grunds\u00e4tze Varietas arbeitet grunds\u00e4tzlich biologisch in der Z\u00fcchtung! Nur schon um unseren Insektenhelfern die einen Teil unserer Arbeit f\u00fcr uns erledigen nicht zu schaden. Uns wird immer wieder die Frage gestellt; Warum seid ihr dann nicht Bio-zertifiziert. Die Antwort darauf hat zweierlei Grund: Erstens, der Z\u00fcchtungsbereich ist zertifiziert, aber Bio ist nicht immer nachhaltig [&hellip;]<\/p>\n","protected":false},"author":1,"featured_media":0,"parent":0,"menu_order":0,"comment_status":"closed","ping_status":"closed","template":"page-templates\/pagebuilder.php","meta":{"footnotes":""},"class_list":["post-2550","page","type-page","status-publish","hentry"],"_links":{"self":[{"href":"https:\/\/varietas.ch\/wordpress\/wp-json\/wp\/v2\/pages\/2550","targetHints":{"allow":["GET"]}}],"collection":[{"href":"https:\/\/varietas.ch\/wordpress\/wp-json\/wp\/v2\/pages"}],"about":[{"href":"https:\/\/varietas.ch\/wordpress\/wp-json\/wp\/v2\/types\/page"}],"author":[{"embeddable":true,"href":"https:\/\/varietas.ch\/wordpress\/wp-json\/wp\/v2\/users\/1"}],"replies":[{"embeddable":true,"href":"https:\/\/varietas.ch\/wordpress\/wp-json\/wp\/v2\/comments?post=2550"}],"version-history":[{"count":10,"href":"https:\/\/varietas.ch\/wordpress\/wp-json\/wp\/v2\/pages\/2550\/revisions"}],"predecessor-version":[{"id":3412,"href":"https:\/\/varietas.ch\/wordpress\/wp-json\/wp\/v2\/pages\/2550\/revisions\/3412"}],"wp:attachment":[{"href":"https:\/\/varietas.ch\/wordpress\/wp-json\/wp\/v2\/media?parent=2550"}],"curies":[{"name":"wp","href":"https:\/\/api.w.org\/{rel}","templated":true}]}}