{"id":2607,"date":"2021-11-28T10:49:36","date_gmt":"2021-11-28T09:49:36","guid":{"rendered":"http:\/\/varietas.ch\/wordpress\/?page_id=2607"},"modified":"2021-11-28T12:05:51","modified_gmt":"2021-11-28T11:05:51","slug":"presse","status":"publish","type":"page","link":"https:\/\/varietas.ch\/wordpress\/presse\/","title":{"rendered":"Presse"},"content":{"rendered":"\t\t<div data-elementor-type=\"wp-post\" data-elementor-id=\"2607\" class=\"elementor elementor-2607\" data-elementor-settings=\"[]\">\n\t\t\t\t\t\t\t<div class=\"elementor-section-wrap\">\n\t\t\t\t\t\t\t<section class=\"elementor-section elementor-inner-section elementor-element elementor-element-e9503bc elementor-section-boxed elementor-section-height-default elementor-section-height-default\" data-id=\"e9503bc\" data-element_type=\"section\">\n\t\t\t\t\t\t<div class=\"elementor-container elementor-column-gap-default\">\n\t\t\t\t\t<div class=\"elementor-column elementor-col-100 elementor-inner-column elementor-element elementor-element-33469f1\" data-id=\"33469f1\" data-element_type=\"column\">\n\t\t\t<div class=\"elementor-widget-wrap elementor-element-populated\">\n\t\t\t\t\t\t\t\t<div class=\"elementor-element elementor-element-98f2508 elementor-widget elementor-widget-image\" data-id=\"98f2508\" data-element_type=\"widget\" data-widget_type=\"image.default\">\n\t\t\t\t<div class=\"elementor-widget-container\">\n\t\t\t\t\t\t\t\t\t\t\t\t\t\t\t<img loading=\"lazy\" decoding=\"async\" width=\"265\" height=\"72\" src=\"https:\/\/varietas.ch\/wordpress\/wp-content\/uploads\/2019\/05\/goldcrown-1.png\" class=\"attachment-large size-large\" alt=\"\" \/>\t\t\t\t\t\t\t\t\t\t\t\t\t\t\t<\/div>\n\t\t\t\t<\/div>\n\t\t\t\t<div class=\"elementor-element elementor-element-6471db9 elementor-widget elementor-widget-heading\" data-id=\"6471db9\" data-element_type=\"widget\" data-widget_type=\"heading.default\">\n\t\t\t\t<div class=\"elementor-widget-container\">\n\t\t\t<h2 class=\"elementor-heading-title elementor-size-default\">Varietas in der PResse<\/h2>\t\t<\/div>\n\t\t\t\t<\/div>\n\t\t\t\t<div class=\"elementor-element elementor-element-e57d063 elementor-widget elementor-widget-image\" data-id=\"e57d063\" data-element_type=\"widget\" data-widget_type=\"image.default\">\n\t\t\t\t<div class=\"elementor-widget-container\">\n\t\t\t\t\t\t\t\t\t\t\t\t\t\t\t<img loading=\"lazy\" decoding=\"async\" width=\"205\" height=\"38\" src=\"https:\/\/varietas.ch\/wordpress\/wp-content\/uploads\/2019\/05\/goldcrown-2.png\" class=\"attachment-large size-large\" alt=\"\" \/>\t\t\t\t\t\t\t\t\t\t\t\t\t\t\t<\/div>\n\t\t\t\t<\/div>\n\t\t\t\t\t<\/div>\n\t\t<\/div>\n\t\t\t\t\t\t\t<\/div>\n\t\t<\/section>\n\t\t\t\t<section class=\"elementor-section elementor-top-section elementor-element elementor-element-11609e5 elementor-section-boxed elementor-section-height-default elementor-section-height-default\" data-id=\"11609e5\" data-element_type=\"section\">\n\t\t\t\t\t\t<div class=\"elementor-container elementor-column-gap-default\">\n\t\t\t\t\t<div class=\"elementor-column elementor-col-100 elementor-top-column elementor-element elementor-element-74dcb1b\" data-id=\"74dcb1b\" data-element_type=\"column\">\n\t\t\t<div class=\"elementor-widget-wrap elementor-element-populated\">\n\t\t\t\t\t\t\t\t<div class=\"elementor-element elementor-element-35def8a elementor-widget elementor-widget-spacer\" data-id=\"35def8a\" data-element_type=\"widget\" data-widget_type=\"spacer.default\">\n\t\t\t\t<div class=\"elementor-widget-container\">\n\t\t\t\t\t<div class=\"elementor-spacer\">\n\t\t\t<div class=\"elementor-spacer-inner\"><\/div>\n\t\t<\/div>\n\t\t\t\t<\/div>\n\t\t\t\t<\/div>\n\t\t\t\t\t<\/div>\n\t\t<\/div>\n\t\t\t\t\t\t\t<\/div>\n\t\t<\/section>\n\t\t\t\t<section class=\"elementor-section elementor-top-section elementor-element elementor-element-f1d7c5e elementor-section-boxed elementor-section-height-default elementor-section-height-default\" data-id=\"f1d7c5e\" data-element_type=\"section\">\n\t\t\t\t\t\t<div class=\"elementor-container elementor-column-gap-default\">\n\t\t\t\t\t<div class=\"elementor-column elementor-col-100 elementor-top-column elementor-element elementor-element-84091f9\" data-id=\"84091f9\" data-element_type=\"column\">\n\t\t\t<div class=\"elementor-widget-wrap elementor-element-populated\">\n\t\t\t\t\t\t\t\t<div class=\"elementor-element elementor-element-c3ff87b elementor-widget elementor-widget-text-editor\" data-id=\"c3ff87b\" data-element_type=\"widget\" data-widget_type=\"text-editor.default\">\n\t\t\t\t<div class=\"elementor-widget-container\">\n\t\t\t\t\t\t\t<p><b>Hier ein paar Ausschnitte von Varietas in der Presse:<\/b><em><br \/><\/em><\/p><p><em><a href=\"http:\/\/varietas.ch\/work\/docs\/2021_33_Varietas.pdf\" target=\"_blank\" rel=\"noopener\">BauernZeitung 2021<\/a><br \/><\/em><\/p><p><em><a href=\"http:\/\/varietas.ch\/work\/docs\/DieGruene_Artikel.pdf\" target=\"_blank\" rel=\"noopener\">Die Gr\u00fcne 2019<\/a><\/em><\/p><p><em><a href=\"http:\/\/varietas.ch\/work\/docs\/ZUMA_002_10122018.pdf\" target=\"_blank\" rel=\"noopener\">Z\u00fcrcher Unterl\u00e4nder 2018<br \/><\/a><\/em><\/p><p><em><a href=\"http:\/\/varietas.ch\/work\/docs\/anmag_4_17_zuercher_zuechter_1.pdf\" target=\"_blank\" rel=\"noopener\">Arche-Noah 2017<\/a><\/em><\/p><p><em><a href=\"https:\/\/www.lid.ch\/medien\/dossier\/detail\/artikel\/blue-eyes-die-nischen-kartoffel\/\" target=\"_blank\" rel=\"noopener\">Nischensortenanmeldung unserer Sorte BlueEyes gemeldet beim LID 2016.<\/a><\/em><\/p><div>\u00a0<\/div><div>\u00a0<\/div><p>\u00a0<\/p>\t\t\t\t\t\t<\/div>\n\t\t\t\t<\/div>\n\t\t\t\t\t<\/div>\n\t\t<\/div>\n\t\t\t\t\t\t\t<\/div>\n\t\t<\/section>\n\t\t\t\t\t\t<\/div>\n\t\t\t\t\t<\/div>\n\t\t","protected":false},"excerpt":{"rendered":"<p>Varietas in der PResse Hier ein paar Ausschnitte von Varietas in der Presse: BauernZeitung 2021 Die Gr\u00fcne 2019 Z\u00fcrcher Unterl\u00e4nder 2018 Arche-Noah 2017 Nischensortenanmeldung unserer Sorte BlueEyes gemeldet beim LID 2016. \u00a0\u00a0 \u00a0<\/p>\n","protected":false},"author":1,"featured_media":0,"parent":0,"menu_order":0,"comment_status":"closed","ping_status":"closed","template":"","meta":{"footnotes":""},"class_list":["post-2607","page","type-page","status-publish","hentry"],"_links":{"self":[{"href":"https:\/\/varietas.ch\/wordpress\/wp-json\/wp\/v2\/pages\/2607","targetHints":{"allow":["GET"]}}],"collection":[{"href":"https:\/\/varietas.ch\/wordpress\/wp-json\/wp\/v2\/pages"}],"about":[{"href":"https:\/\/varietas.ch\/wordpress\/wp-json\/wp\/v2\/types\/page"}],"author":[{"embeddable":true,"href":"https:\/\/varietas.ch\/wordpress\/wp-json\/wp\/v2\/users\/1"}],"replies":[{"embeddable":true,"href":"https:\/\/varietas.ch\/wordpress\/wp-json\/wp\/v2\/comments?post=2607"}],"version-history":[{"count":10,"href":"https:\/\/varietas.ch\/wordpress\/wp-json\/wp\/v2\/pages\/2607\/revisions"}],"predecessor-version":[{"id":2645,"href":"https:\/\/varietas.ch\/wordpress\/wp-json\/wp\/v2\/pages\/2607\/revisions\/2645"}],"wp:attachment":[{"href":"https:\/\/varietas.ch\/wordpress\/wp-json\/wp\/v2\/media?parent=2607"}],"curies":[{"name":"wp","href":"https:\/\/api.w.org\/{rel}","templated":true}]}}