{"id":2691,"date":"2021-12-03T21:32:45","date_gmt":"2021-12-03T20:32:45","guid":{"rendered":"http:\/\/varietas.ch\/wordpress\/?page_id=2691"},"modified":"2021-12-03T21:47:28","modified_gmt":"2021-12-03T20:47:28","slug":"permakultur-guetesiegel","status":"publish","type":"page","link":"https:\/\/varietas.ch\/wordpress\/permakultur-guetesiegel\/","title":{"rendered":"Permakultur G\u00fctesiegel"},"content":{"rendered":"\t\t<div data-elementor-type=\"wp-post\" data-elementor-id=\"2691\" class=\"elementor elementor-2691\" data-elementor-settings=\"[]\">\n\t\t\t\t\t\t\t<div class=\"elementor-section-wrap\">\n\t\t\t\t\t\t\t<section class=\"elementor-section elementor-inner-section elementor-element elementor-element-e9503bc elementor-section-boxed elementor-section-height-default elementor-section-height-default\" data-id=\"e9503bc\" data-element_type=\"section\">\n\t\t\t\t\t\t<div class=\"elementor-container elementor-column-gap-default\">\n\t\t\t\t\t<div class=\"elementor-column elementor-col-100 elementor-inner-column elementor-element elementor-element-33469f1\" data-id=\"33469f1\" data-element_type=\"column\">\n\t\t\t<div class=\"elementor-widget-wrap elementor-element-populated\">\n\t\t\t\t\t\t\t\t<div class=\"elementor-element elementor-element-98f2508 elementor-widget elementor-widget-image\" data-id=\"98f2508\" data-element_type=\"widget\" data-widget_type=\"image.default\">\n\t\t\t\t<div class=\"elementor-widget-container\">\n\t\t\t\t\t\t\t\t\t\t\t\t\t\t\t<img loading=\"lazy\" decoding=\"async\" width=\"265\" height=\"72\" src=\"https:\/\/varietas.ch\/wordpress\/wp-content\/uploads\/2019\/05\/goldcrown-1.png\" class=\"attachment-large size-large\" alt=\"\" \/>\t\t\t\t\t\t\t\t\t\t\t\t\t\t\t<\/div>\n\t\t\t\t<\/div>\n\t\t\t\t<div class=\"elementor-element elementor-element-6471db9 elementor-widget elementor-widget-heading\" data-id=\"6471db9\" data-element_type=\"widget\" data-widget_type=\"heading.default\">\n\t\t\t\t<div class=\"elementor-widget-container\">\n\t\t\t<h2 class=\"elementor-heading-title elementor-size-default\">Permakultur G\u00fctesiegel<\/h2>\t\t<\/div>\n\t\t\t\t<\/div>\n\t\t\t\t<div class=\"elementor-element elementor-element-e57d063 elementor-widget elementor-widget-image\" data-id=\"e57d063\" data-element_type=\"widget\" data-widget_type=\"image.default\">\n\t\t\t\t<div class=\"elementor-widget-container\">\n\t\t\t\t\t\t\t\t\t\t\t\t\t\t\t<img loading=\"lazy\" decoding=\"async\" width=\"205\" height=\"38\" src=\"https:\/\/varietas.ch\/wordpress\/wp-content\/uploads\/2019\/05\/goldcrown-2.png\" class=\"attachment-large size-large\" alt=\"\" \/>\t\t\t\t\t\t\t\t\t\t\t\t\t\t\t<\/div>\n\t\t\t\t<\/div>\n\t\t\t\t\t<\/div>\n\t\t<\/div>\n\t\t\t\t\t\t\t<\/div>\n\t\t<\/section>\n\t\t\t\t<section class=\"elementor-section elementor-top-section elementor-element elementor-element-11609e5 elementor-section-boxed elementor-section-height-default elementor-section-height-default\" data-id=\"11609e5\" data-element_type=\"section\">\n\t\t\t\t\t\t<div class=\"elementor-container elementor-column-gap-default\">\n\t\t\t\t\t<div class=\"elementor-column elementor-col-100 elementor-top-column elementor-element elementor-element-74dcb1b\" data-id=\"74dcb1b\" data-element_type=\"column\">\n\t\t\t<div class=\"elementor-widget-wrap elementor-element-populated\">\n\t\t\t\t\t\t\t\t<div class=\"elementor-element elementor-element-35def8a elementor-widget elementor-widget-spacer\" data-id=\"35def8a\" data-element_type=\"widget\" data-widget_type=\"spacer.default\">\n\t\t\t\t<div class=\"elementor-widget-container\">\n\t\t\t\t\t<div class=\"elementor-spacer\">\n\t\t\t<div class=\"elementor-spacer-inner\"><\/div>\n\t\t<\/div>\n\t\t\t\t<\/div>\n\t\t\t\t<\/div>\n\t\t\t\t\t<\/div>\n\t\t<\/div>\n\t\t\t\t\t\t\t<\/div>\n\t\t<\/section>\n\t\t\t\t<section class=\"elementor-section elementor-top-section elementor-element elementor-element-f1d7c5e elementor-section-boxed elementor-section-height-default elementor-section-height-default\" data-id=\"f1d7c5e\" data-element_type=\"section\">\n\t\t\t\t\t\t<div class=\"elementor-container elementor-column-gap-default\">\n\t\t\t\t\t<div class=\"elementor-column elementor-col-100 elementor-top-column elementor-element elementor-element-84091f9\" data-id=\"84091f9\" data-element_type=\"column\">\n\t\t\t<div class=\"elementor-widget-wrap elementor-element-populated\">\n\t\t\t\t\t\t\t\t<div class=\"elementor-element elementor-element-c3ff87b elementor-widget elementor-widget-text-editor\" data-id=\"c3ff87b\" data-element_type=\"widget\" data-widget_type=\"text-editor.default\">\n\t\t\t\t<div class=\"elementor-widget-container\">\n\t\t\t\t\t\t\t<p><strong>Permakulturbewertung gestartet von Stefan Griesser an der ETH Z\u00fcrich.<\/strong><br>Ich arbeitete an einem \u00dcberblick der Permakultur in der Schweiz die ich hier weiterf\u00fchre.<br>Da es permakulturistisch viele Ansatzm\u00f6glichkeiten und betrieblich oder fl\u00e4chenbezogen keine Zertifizierung, sondern nur die personenbezogene Ausbildung gibt, ist es wissenschaftlich schwierig, Permakultur-Fl\u00e4chen zu charakterisieren.<\/p>\n<p>Hier habe ich einen herunterladbaren Fragebogen gestaltet, der bei dieser Charakterisierung helfen soll. Der Fragebogen umfasst mehrere Kapitel, in welchen es um die Herangehensweise ans Design, die verwendeten Methoden und Konzepte w\u00e4hrend der Planung, sowie die Umsetzung &#8211; sprich Realisierung &#8211; geht. Ich interessiere mich hier f\u00fcr die eingesetzten Pflanzen, die Tiere, die Wasser- und Energiestrategie. Das Boden-Management ist mir sehr wichtig. Jedoch ist auch ein kleiner Teil mit Fragen zur Permakultur-Ethik am Schluss zu finden.<br>Als Beispiel einer Auswertung sieht man hier ein Spider-Diagramm eines Hausgartens:<\/p>\t\t\t\t\t\t<\/div>\n\t\t\t\t<\/div>\n\t\t\t\t\t<\/div>\n\t\t<\/div>\n\t\t\t\t\t\t\t<\/div>\n\t\t<\/section>\n\t\t\t\t<section class=\"elementor-section elementor-top-section elementor-element elementor-element-cf5c609 elementor-section-boxed elementor-section-height-default elementor-section-height-default\" data-id=\"cf5c609\" data-element_type=\"section\">\n\t\t\t\t\t\t<div class=\"elementor-container elementor-column-gap-default\">\n\t\t\t\t\t<div class=\"elementor-column elementor-col-100 elementor-top-column elementor-element elementor-element-80102e8\" data-id=\"80102e8\" data-element_type=\"column\">\n\t\t\t<div class=\"elementor-widget-wrap elementor-element-populated\">\n\t\t\t\t\t\t\t\t<div class=\"elementor-element elementor-element-f6dadc4 elementor-widget elementor-widget-image\" data-id=\"f6dadc4\" data-element_type=\"widget\" data-widget_type=\"image.default\">\n\t\t\t\t<div class=\"elementor-widget-container\">\n\t\t\t\t\t\t\t\t\t\t\t\t\t\t\t<img loading=\"lazy\" decoding=\"async\" width=\"561\" height=\"561\" src=\"https:\/\/varietas.ch\/wordpress\/wp-content\/uploads\/2021\/11\/Spider.jpg\" class=\"attachment-large size-large\" alt=\"\" srcset=\"https:\/\/varietas.ch\/wordpress\/wp-content\/uploads\/2021\/11\/Spider.jpg 561w, https:\/\/varietas.ch\/wordpress\/wp-content\/uploads\/2021\/11\/Spider-300x300.jpg 300w, https:\/\/varietas.ch\/wordpress\/wp-content\/uploads\/2021\/11\/Spider-150x150.jpg 150w\" sizes=\"auto, (max-width: 561px) 100vw, 561px\" \/>\t\t\t\t\t\t\t\t\t\t\t\t\t\t\t<\/div>\n\t\t\t\t<\/div>\n\t\t\t\t\t<\/div>\n\t\t<\/div>\n\t\t\t\t\t\t\t<\/div>\n\t\t<\/section>\n\t\t\t\t<section class=\"elementor-section elementor-top-section elementor-element elementor-element-d5f4f43 elementor-section-boxed elementor-section-height-default elementor-section-height-default\" data-id=\"d5f4f43\" data-element_type=\"section\">\n\t\t\t\t\t\t<div class=\"elementor-container elementor-column-gap-default\">\n\t\t\t\t\t<div class=\"elementor-column elementor-col-100 elementor-top-column elementor-element elementor-element-751d592\" data-id=\"751d592\" data-element_type=\"column\">\n\t\t\t<div class=\"elementor-widget-wrap elementor-element-populated\">\n\t\t\t\t\t\t\t\t<div class=\"elementor-element elementor-element-7dd0d7c elementor-widget elementor-widget-text-editor\" data-id=\"7dd0d7c\" data-element_type=\"widget\" data-widget_type=\"text-editor.default\">\n\t\t\t\t<div class=\"elementor-widget-container\">\n\t\t\t\t\t\t\t<p>Spider-Digramme sind hilfreich, um bei der eigenen Permakulturfl\u00e4che Verbesserungspotential zu finden.<br \/>Wie im Diagramm ersichtlich, wurde mit viel Elan an das Projekt herangegangen. Dies zeigt sich durch hohe Werte in Approach und Concept. Bei der Umsetzung (Implementation) wurden dann leider nicht alle Ziele erreicht. Dies ist sichtbar als Einschr\u00e4nkung bei der Anzahl der Pflanzen und Tiere. <br \/>Tiere waren in diesem Beispiel nicht m\u00f6glich, da sie zu viel Pflegeaufwand ben\u00f6tigt h\u00e4tten. <br \/>Die Wassernutzung k\u00f6nnte verbessert werden, da weder Grau- noch Regenwasser gebraucht wird. Was die Energie betrifft findet viel maschinell statt. <br \/>Auf den Boden wird mit Mulch und Kompost geachtet. <br \/>Permakultur-Ethik spielt hier keine grosse Rolle, da es sich mehr oder weniger einfach um einen Hausgarten zur Selbstversorgung handelt. <br \/>Verbesserungspotential sieht man beispielsweise beim Wasser, der Energie und beim Boden. <br \/>Konkret, wie schon oben erw\u00e4hnt, bei der Nutzung von Regen- oder Grauwasser und beim Boden, wo eine Umstellung auf reine Oberfl\u00e4chenbearbeitung ohne tiefe Bodeneingriffe (No-Till) m\u00f6glich w\u00e4re. Aber auch eine Erh\u00f6hung der Artenvielfalt bei den Pflanzen w\u00e4re eine zus\u00e4tzliche M\u00f6glichkeit.<\/p>\n<p>Wer fragen dazu hat oder gerne daran teilnehmen m\u00f6chte, kann mich wie folgt erreichen: <a href=\"mailto:stefan@varietas.ch\">stefan@varietas.ch<\/a><\/p>\n<p><em><a href=\"http:\/\/varietas.ch\/work\/docs\/perma_fragen_Homepage_Version_1_5.pdf\" target=\"_blank\" rel=\"noopener\">Den Fragebogen Version 1.5 kann man hier herunterladen<\/a><\/em><\/p>\n<p>F\u00fcr den Fall das man nicht schon einen PDF Editor besitzt, empfehle ich den freien <a href=\"https:\/\/www.tracker-software.com\/product\/pdf-xchange-viewer\" target=\"_blank\" rel=\"noopener\">&#8222;PDF-XChange Viewer&#8220;<\/a> , der mir immer gute Dienste geleistet hat bisher.<\/p>\t\t\t\t\t\t<\/div>\n\t\t\t\t<\/div>\n\t\t\t\t\t<\/div>\n\t\t<\/div>\n\t\t\t\t\t\t\t<\/div>\n\t\t<\/section>\n\t\t\t\t\t\t<\/div>\n\t\t\t\t\t<\/div>\n\t\t","protected":false},"excerpt":{"rendered":"<p>Permakultur G\u00fctesiegel Permakulturbewertung gestartet von Stefan Griesser an der ETH Z\u00fcrich.Ich arbeitete an einem \u00dcberblick der Permakultur in der Schweiz die ich hier weiterf\u00fchre.Da es permakulturistisch viele Ansatzm\u00f6glichkeiten und betrieblich oder fl\u00e4chenbezogen keine Zertifizierung, sondern nur die personenbezogene Ausbildung gibt, ist es wissenschaftlich schwierig, Permakultur-Fl\u00e4chen zu charakterisieren. Hier habe ich einen herunterladbaren Fragebogen gestaltet, der [&hellip;]<\/p>\n","protected":false},"author":1,"featured_media":0,"parent":0,"menu_order":0,"comment_status":"closed","ping_status":"closed","template":"page-templates\/pagebuilder.php","meta":{"footnotes":""},"class_list":["post-2691","page","type-page","status-publish","hentry"],"_links":{"self":[{"href":"https:\/\/varietas.ch\/wordpress\/wp-json\/wp\/v2\/pages\/2691","targetHints":{"allow":["GET"]}}],"collection":[{"href":"https:\/\/varietas.ch\/wordpress\/wp-json\/wp\/v2\/pages"}],"about":[{"href":"https:\/\/varietas.ch\/wordpress\/wp-json\/wp\/v2\/types\/page"}],"author":[{"embeddable":true,"href":"https:\/\/varietas.ch\/wordpress\/wp-json\/wp\/v2\/users\/1"}],"replies":[{"embeddable":true,"href":"https:\/\/varietas.ch\/wordpress\/wp-json\/wp\/v2\/comments?post=2691"}],"version-history":[{"count":7,"href":"https:\/\/varietas.ch\/wordpress\/wp-json\/wp\/v2\/pages\/2691\/revisions"}],"predecessor-version":[{"id":2708,"href":"https:\/\/varietas.ch\/wordpress\/wp-json\/wp\/v2\/pages\/2691\/revisions\/2708"}],"wp:attachment":[{"href":"https:\/\/varietas.ch\/wordpress\/wp-json\/wp\/v2\/media?parent=2691"}],"curies":[{"name":"wp","href":"https:\/\/api.w.org\/{rel}","templated":true}]}}